{"id":1320,"date":"2025-10-01T13:47:03","date_gmt":"2025-10-01T13:47:03","guid":{"rendered":"https:\/\/healthgotravel.com\/privacy-policy\/"},"modified":"2025-10-28T13:29:06","modified_gmt":"2025-10-28T13:29:06","slug":"privacy-policy","status":"publish","type":"page","link":"https:\/\/healthgotravel.com\/ru\/privacy-policy\/","title":{"rendered":"\u041f\u043e\u043b\u0438\u0442\u0438\u043a\u0430 \u043a\u043e\u043d\u0444\u0438\u0434\u0435\u043d\u0446\u0438\u0430\u043b\u044c\u043d\u043e\u0441\u0442\u0438"},"content":{"rendered":"[vc_row type=&#187;in_container&#187; full_screen_row_position=&#187;middle&#187; column_margin=&#187;default&#187; column_direction=&#187;default&#187; column_direction_tablet=&#187;default&#187; column_direction_phone=&#187;default&#187; scene_position=&#187;center&#187; text_color=&#187;dark&#187; text_align=&#187;left&#187; row_border_radius=&#187;none&#187; row_border_radius_applies=&#187;bg&#187; overflow=&#187;visible&#187; overlay_strength=&#187;0.3&#8243; gradient_direction=&#187;left_to_right&#187; shape_divider_position=&#187;bottom&#187; bg_image_animation=&#187;none&#187;][vc_column column_padding=&#187;no-extra-padding&#187; column_padding_tablet=&#187;inherit&#187; column_padding_phone=&#187;inherit&#187; column_padding_position=&#187;all&#187; column_element_direction_desktop=&#187;default&#187; column_element_spacing=&#187;default&#187; desktop_text_alignment=&#187;default&#187; tablet_text_alignment=&#187;default&#187; phone_text_alignment=&#187;default&#187; background_color_opacity=&#187;1&#8243; background_hover_color_opacity=&#187;1&#8243; column_backdrop_filter=&#187;none&#187; column_shadow=&#187;none&#187; column_border_radius=&#187;none&#187; column_link_target=&#187;_self&#187; column_position=&#187;default&#187; gradient_direction=&#187;left_to_right&#187; overlay_strength=&#187;0.3&#8243; width=&#187;1\/1&#8243; tablet_width_inherit=&#187;default&#187; animation_type=&#187;default&#187; bg_image_animation=&#187;none&#187; border_type=&#187;simple&#187; column_border_width=&#187;none&#187; column_border_style=&#187;solid&#187;][vc_column_text css=&#187;&#187; text_direction=&#187;default&#187;]\r\n<h2 class=\"wp-block-heading\"><strong>\u041f\u043e\u043b\u0438\u0442\u0438\u043a\u0430 \u043a\u043e\u043d\u0444\u0438\u0434\u0435\u043d\u0446\u0438\u0430\u043b\u044c\u043d\u043e\u0441\u0442\u0438 \u0438 \u0437\u0430\u0449\u0438\u0442\u044b \u0434\u0430\u043d\u043d\u044b\u0445<\/strong><\/h2>\r\n<!-- \/wp:post-content -->\r\n<p><!-- wp:paragraph --><strong>Health Go Sa\u011fl\u0131k Turizm<\/strong><\/p>\r\n<!-- \/wp:paragraph -->\r\n<p><!-- wp:paragraph -->\u041a\u043e\u043c\u043f\u0430\u043d\u0438\u044f <strong>Health Go Sa\u011fl\u0131k Turizm<\/strong>, <strong>\u0443\u043f\u043e\u043b\u043d\u043e\u043c\u043e\u0447\u0435\u043d\u043d\u0430\u044f \u041c\u0438\u043d\u0438\u0441\u0442\u0435\u0440\u0441\u0442\u0432\u043e\u043c \u0437\u0434\u0440\u0430\u0432\u043e\u043e\u0445\u0440\u0430\u043d\u0435\u043d\u0438\u044f \u0422\u0443\u0440\u0446\u0438\u0438 (T.C. Sa\u011fl\u0131k Bakanl\u0131\u011f\u0131)<\/strong>, \u043e\u0431\u044f\u0437\u0443\u0435\u0442\u0441\u044f \u0437\u0430\u0449\u0438\u0449\u0430\u0442\u044c \u0432\u0430\u0448\u0438 \u043f\u0435\u0440\u0441\u043e\u043d\u0430\u043b\u044c\u043d\u044b\u0435 \u0434\u0430\u043d\u043d\u044b\u0435 \u0432 \u0441\u043e\u043e\u0442\u0432\u0435\u0442\u0441\u0442\u0432\u0438\u0438 \u0441 <strong>\u0417\u0430\u043a\u043e\u043d\u043e\u043c \u043e \u0437\u0430\u0449\u0438\u0442\u0435 \u043f\u0435\u0440\u0441\u043e\u043d\u0430\u043b\u044c\u043d\u044b\u0445 \u0434\u0430\u043d\u043d\u044b\u0445 \u0422\u0443\u0440\u0446\u0438\u0438 (KVKK \u2116 6698)<\/strong> \u0438 <strong>\u043c\u0435\u0436\u0434\u0443\u043d\u0430\u0440\u043e\u0434\u043d\u044b\u043c\u0438 \u0441\u0442\u0430\u043d\u0434\u0430\u0440\u0442\u0430\u043c\u0438 \u0437\u0430\u0449\u0438\u0442\u044b \u0434\u0430\u043d\u043d\u044b\u0445 (GDPR, \u0433\u0434\u0435 \u043f\u0440\u0438\u043c\u0435\u043d\u0438\u043c\u043e).<\/strong><\/p>\r\n<!-- \/wp:paragraph -->\r\n<p><!-- wp:paragraph --><strong>1. \u0426\u0435\u043b\u044c \u0441\u0431\u043e\u0440\u0430 \u0434\u0430\u043d\u043d\u044b\u0445<\/strong><\/p>\r\n<!-- \/wp:paragraph -->\r\n<p><!-- wp:paragraph -->\u041e\u0442\u043f\u0440\u0430\u0432\u043b\u044f\u044f \u0441\u0432\u043e\u0438 \u0434\u0430\u043d\u043d\u044b\u0435 \u0447\u0435\u0440\u0435\u0437 <strong>\u0440\u0435\u043a\u043b\u0430\u043c\u043d\u044b\u0435 \u0444\u043e\u0440\u043c\u044b, \u0446\u0435\u043b\u0435\u0432\u044b\u0435 \u0441\u0442\u0440\u0430\u043d\u0438\u0446\u044b, \u0447\u0430\u0442 WhatsApp \u0438\u043b\u0438 \u0446\u0438\u0444\u0440\u043e\u0432\u044b\u0435 \u043a\u0430\u043d\u0430\u043b\u044b \u0441\u0432\u044f\u0437\u0438 (Meta, Google, TikTok \u0438 \u0442.\u0434.)<\/strong>, \u0432\u044b \u0441\u043e\u0433\u043b\u0430\u0448\u0430\u0435\u0442\u0435\u0441\u044c \u043d\u0430 \u0441\u0431\u043e\u0440 \u0438 \u043e\u0431\u0440\u0430\u0431\u043e\u0442\u043a\u0443 \u0432\u0430\u0448\u0438\u0445 \u0434\u0430\u043d\u043d\u044b\u0445 \u043a\u043e\u043c\u043f\u0430\u043d\u0438\u0435\u0439 Health Go Sa\u011fl\u0131k Turizm \u0434\u043b\u044f \u0441\u043b\u0435\u0434\u0443\u044e\u0449\u0438\u0445 \u0446\u0435\u043b\u0435\u0439:<\/p>\r\n<!-- \/wp:paragraph -->\r\n<p>&nbsp;<\/p>\r\n<!-- wp:list -->\r\n<ul class=\"wp-block-list\">\r\n<li style=\"list-style-type: none;\">\r\n<ul class=\"wp-block-list\">\r\n<li style=\"list-style-type: none;\">\r\n<ul class=\"wp-block-list\"><!-- wp:list-item -->\r\n<li>\u0421\u0432\u044f\u0437\u0430\u0442\u044c\u0441\u044f \u0441 \u0432\u0430\u043c\u0438 \u043f\u043e \u0432\u043e\u043f\u0440\u043e\u0441\u0430\u043c \u0432\u0430\u0440\u0438\u0430\u043d\u0442\u043e\u0432 \u043b\u0435\u0447\u0435\u043d\u0438\u044f, \u0446\u0435\u043d \u0438 \u043f\u043b\u0430\u043d\u0438\u0440\u043e\u0432\u0430\u043d\u0438\u044f \u043a\u043e\u043d\u0441\u0443\u043b\u044c\u0442\u0430\u0446\u0438\u0439<\/li>\r\n<!-- \/wp:list-item -->\r\n\r\n<!-- wp:list-item -->\r\n<li>\u041f\u0440\u0435\u0434\u043e\u0441\u0442\u0430\u0432\u0438\u0442\u044c \u043a\u043e\u043d\u0441\u0443\u043b\u044c\u0442\u0430\u0446\u0438\u0438 \u043f\u043e \u043c\u0435\u0434\u0438\u0446\u0438\u043d\u0441\u043a\u043e\u043c\u0443 \u0442\u0443\u0440\u0438\u0437\u043c\u0443 \u0438 \u043f\u043e\u043c\u043e\u0449\u044c \u0432 \u043e\u0440\u0433\u0430\u043d\u0438\u0437\u0430\u0446\u0438\u0438 \u043f\u043e\u0435\u0437\u0434\u043a\u0438<\/li>\r\n<!-- \/wp:list-item -->\r\n\r\n<!-- wp:list-item -->\r\n<li>\u041a\u043e\u043e\u0440\u0434\u0438\u043d\u0438\u0440\u043e\u0432\u0430\u0442\u044c \u0432\u0437\u0430\u0438\u043c\u043e\u0434\u0435\u0439\u0441\u0442\u0432\u0438\u0435 \u0441 \u043f\u0430\u0440\u0442\u043d\u0451\u0440\u0441\u043a\u0438\u043c\u0438 \u043a\u043b\u0438\u043d\u0438\u043a\u0430\u043c\u0438, \u0431\u043e\u043b\u044c\u043d\u0438\u0446\u0430\u043c\u0438 \u0438\u043b\u0438 \u043b\u0438\u0446\u0435\u043d\u0437\u0438\u0440\u043e\u0432\u0430\u043d\u043d\u044b\u043c\u0438 \u0432\u0440\u0430\u0447\u0430\u043c\u0438 \u0434\u043b\u044f \u043c\u0435\u0434\u0438\u0446\u0438\u043d\u0441\u043a\u043e\u0439 \u043e\u0446\u0435\u043d\u043a\u0438<\/li>\r\n<!-- \/wp:list-item -->\r\n\r\n<!-- wp:list-item -->\r\n<li>\u0421\u0432\u044f\u0437\u0430\u0442\u044c\u0441\u044f \u0441 \u0432\u0430\u043c\u0438 \u0434\u043b\u044f \u0443\u0442\u043e\u0447\u043d\u0435\u043d\u0438\u044f \u0434\u0435\u0442\u0430\u043b\u0435\u0439 \u0447\u0435\u0440\u0435\u0437 WhatsApp, \u0442\u0435\u043b\u0435\u0444\u043e\u043d, \u044d\u043b\u0435\u043a\u0442\u0440\u043e\u043d\u043d\u0443\u044e \u043f\u043e\u0447\u0442\u0443 \u0438\u043b\u0438 SMS<\/li>\r\n<\/ul>\r\n<\/li>\r\n<\/ul>\r\n<p><!-- \/wp:list-item --><\/p>\r\n<\/li>\r\n<\/ul>\r\n<!-- \/wp:list -->\r\n<p>&nbsp;<\/p>\r\n<!-- \/wp:list -->\r\n<p><!-- wp:paragraph --><strong>2. \u0421\u043e\u0431\u0438\u0440\u0430\u0435\u043c\u044b\u0435 \u0434\u0430\u043d\u043d\u044b\u0435<\/strong><\/p>\r\n<!-- \/wp:paragraph -->\r\n<p><!-- wp:paragraph -->\u041c\u044b \u043c\u043e\u0436\u0435\u043c \u0441\u043e\u0431\u0438\u0440\u0430\u0442\u044c \u0441\u043b\u0435\u0434\u0443\u044e\u0449\u0443\u044e \u0438\u043d\u0444\u043e\u0440\u043c\u0430\u0446\u0438\u044e:<br \/><strong>\u0418\u043c\u044f, \u0441\u0442\u0440\u0430\u043d\u0430 \u043f\u0440\u043e\u0436\u0438\u0432\u0430\u043d\u0438\u044f, \u043a\u043e\u043d\u0442\u0430\u043a\u0442\u043d\u044b\u0439 \u043d\u043e\u043c\u0435\u0440, \u0430\u0434\u0440\u0435\u0441 \u044d\u043b\u0435\u043a\u0442\u0440\u043e\u043d\u043d\u043e\u0439 \u043f\u043e\u0447\u0442\u044b, \u0438\u043d\u0442\u0435\u0440\u0435\u0441\u0443\u044e\u0449\u0435\u0435 \u043b\u0435\u0447\u0435\u043d\u0438\u0435 \u0438 \u043b\u044e\u0431\u044b\u0435 \u043f\u0440\u0435\u0434\u043e\u0441\u0442\u0430\u0432\u043b\u0435\u043d\u043d\u044b\u0435 \u0432\u0430\u043c\u0438 \u0437\u0430\u043c\u0435\u0442\u043a\u0438.<\/strong><br \/>\u041c\u044b <strong>\u043d\u0435<\/strong> \u0437\u0430\u043f\u0440\u0430\u0448\u0438\u0432\u0430\u0435\u043c \u043f\u043e\u0434\u0440\u043e\u0431\u043d\u044b\u0435 \u043c\u0435\u0434\u0438\u0446\u0438\u043d\u0441\u043a\u0438\u0435 \u043e\u0442\u0447\u0451\u0442\u044b \u0447\u0435\u0440\u0435\u0437 \u0440\u0435\u043a\u043b\u0430\u043c\u043d\u044b\u0435 \u0444\u043e\u0440\u043c\u044b. \u041f\u0440\u0438 \u043d\u0435\u043e\u0431\u0445\u043e\u0434\u0438\u043c\u043e\u0441\u0442\u0438 \u0442\u0430\u043a\u0430\u044f \u0438\u043d\u0444\u043e\u0440\u043c\u0430\u0446\u0438\u044f \u0441\u043e\u0431\u0438\u0440\u0430\u0435\u0442\u0441\u044f \u043f\u043e\u0437\u0434\u043d\u0435\u0435 \u043f\u043e\u0441\u0440\u0435\u0434\u0441\u0442\u0432\u043e\u043c <strong>\u0431\u0435\u0437\u043e\u043f\u0430\u0441\u043d\u043e\u0433\u043e \u0438 \u043f\u0440\u044f\u043c\u043e\u0433\u043e \u043e\u0431\u0449\u0435\u043d\u0438\u044f \u0441 \u0432\u0430\u0448\u0435\u0433\u043e \u0441\u043e\u0433\u043b\u0430\u0441\u0438\u044f.<\/strong><\/p>\r\n<!-- \/wp:paragraph -->\r\n<p><!-- wp:paragraph --><strong>3. \u041e\u0431\u0440\u0430\u0431\u043e\u0442\u043a\u0430 \u0438 \u043f\u0435\u0440\u0435\u0434\u0430\u0447\u0430 \u0434\u0430\u043d\u043d\u044b\u0445<\/strong><\/p>\r\n<!-- \/wp:paragraph -->\r\n<p><!-- wp:paragraph -->\u0412\u0430\u0448\u0438 \u0434\u0430\u043d\u043d\u044b\u0435 \u043c\u043e\u0433\u0443\u0442 \u0431\u044b\u0442\u044c \u0431\u0435\u0437\u043e\u043f\u0430\u0441\u043d\u043e \u043f\u0435\u0440\u0435\u0434\u0430\u043d\u044b <strong>\u0442\u043e\u043b\u044c\u043a\u043e \u043f\u0440\u0438 \u043d\u0435\u043e\u0431\u0445\u043e\u0434\u0438\u043c\u043e\u0441\u0442\u0438<\/strong> <strong>\u043b\u0438\u0446\u0435\u043d\u0437\u0438\u0440\u043e\u0432\u0430\u043d\u043d\u044b\u043c \u0431\u043e\u043b\u044c\u043d\u0438\u0446\u0430\u043c, \u0432\u0440\u0430\u0447\u0430\u043c \u0438\u043b\u0438 \u0430\u043a\u043a\u0440\u0435\u0434\u0438\u0442\u043e\u0432\u0430\u043d\u043d\u044b\u043c \u0442\u0443\u0440\u0438\u0441\u0442\u0438\u0447\u0435\u0441\u043a\u0438\u043c \u043f\u0430\u0440\u0442\u043d\u0451\u0440\u0430\u043c<\/strong> \u0438\u0441\u043a\u043b\u044e\u0447\u0438\u0442\u0435\u043b\u044c\u043d\u043e \u0434\u043b\u044f \u043e\u0440\u0433\u0430\u043d\u0438\u0437\u0430\u0446\u0438\u0438 \u0432\u0430\u0448\u0435\u0433\u043e \u043f\u0440\u043e\u0446\u0435\u0441\u0441\u0430 \u043c\u0435\u0434\u0438\u0446\u0438\u043d\u0441\u043a\u043e\u0433\u043e \u0442\u0443\u0440\u0438\u0437\u043c\u0430.<br \/><strong>\u041c\u044b \u043d\u0435 \u043f\u0440\u043e\u0434\u0430\u0451\u043c, \u043d\u0435 \u0441\u0434\u0430\u0451\u043c \u0432 \u0430\u0440\u0435\u043d\u0434\u0443 \u0438 \u043d\u0435 \u043f\u0435\u0440\u0435\u0434\u0430\u0451\u043c \u0432\u0430\u0448\u0438 \u0434\u0430\u043d\u043d\u044b\u0435 \u0442\u0440\u0435\u0442\u044c\u0438\u043c \u043b\u0438\u0446\u0430\u043c \u0431\u0435\u0437 \u0440\u0430\u0437\u0440\u0435\u0448\u0435\u043d\u0438\u044f.<\/strong><\/p>\r\n<!-- \/wp:paragraph -->\r\n<p><!-- wp:paragraph --><strong>4. \u0411\u0435\u0437\u043e\u043f\u0430\u0441\u043d\u043e\u0441\u0442\u044c \u0438 \u0445\u0440\u0430\u043d\u0435\u043d\u0438\u0435 \u0434\u0430\u043d\u043d\u044b\u0445<\/strong><\/p>\r\n<!-- \/wp:paragraph -->\r\n<p><!-- wp:paragraph -->\u0412\u0441\u0435 \u043f\u0435\u0440\u0441\u043e\u043d\u0430\u043b\u044c\u043d\u044b\u0435 \u0434\u0430\u043d\u043d\u044b\u0435 \u0445\u0440\u0430\u043d\u044f\u0442\u0441\u044f \u0432 \u0431\u0435\u0437\u043e\u043f\u0430\u0441\u043d\u043e\u0441\u0442\u0438 \u0438 \u0438\u0441\u043f\u043e\u043b\u044c\u0437\u0443\u044e\u0442\u0441\u044f <strong>\u0442\u043e\u043b\u044c\u043a\u043e \u0432 \u0446\u0435\u043b\u044f\u0445 \u043e\u043a\u0430\u0437\u0430\u043d\u0438\u044f \u0443\u0441\u043b\u0443\u0433.<\/strong> \u0414\u0430\u043d\u043d\u044b\u0435 \u0441\u043e\u0445\u0440\u0430\u043d\u044f\u044e\u0442\u0441\u044f \u0442\u043e\u043b\u044c\u043a\u043e \u043d\u0430 \u043f\u0435\u0440\u0438\u043e\u0434, \u043d\u0435\u043e\u0431\u0445\u043e\u0434\u0438\u043c\u044b\u0439 \u0434\u043b\u044f \u043f\u0440\u0435\u0434\u043e\u0441\u0442\u0430\u0432\u043b\u0435\u043d\u0438\u044f \u043a\u043e\u043d\u0441\u0443\u043b\u044c\u0442\u0430\u0446\u0438\u0439 \u0438 \u043f\u043e\u0434\u0434\u0435\u0440\u0436\u043a\u0438.<\/p>\r\n<!-- \/wp:paragraph -->\r\n<p><!-- wp:paragraph --><strong>5. \u041f\u0440\u0430\u0432\u0430 \u043f\u043e\u043b\u044c\u0437\u043e\u0432\u0430\u0442\u0435\u043b\u044f<\/strong><\/p>\r\n<!-- \/wp:paragraph -->\r\n<p><!-- wp:paragraph -->\u0412\u044b \u043c\u043e\u0436\u0435\u0442\u0435 \u0432 \u043b\u044e\u0431\u043e\u0435 \u0432\u0440\u0435\u043c\u044f \u0441\u0432\u044f\u0437\u0430\u0442\u044c\u0441\u044f \u0441 \u043a\u043e\u043c\u043f\u0430\u043d\u0438\u0435\u0439 Health Go Sa\u011fl\u0131k Turizm, \u0447\u0442\u043e\u0431\u044b \u0437\u0430\u043f\u0440\u043e\u0441\u0438\u0442\u044c <strong>\u0438\u043d\u0444\u043e\u0440\u043c\u0430\u0446\u0438\u044e \u043e \u0432\u0430\u0448\u0438\u0445 \u0441\u043e\u0445\u0440\u0430\u043d\u0451\u043d\u043d\u044b\u0445 \u0434\u0430\u043d\u043d\u044b\u0445<\/strong> \u0432 \u0441\u043e\u043e\u0442\u0432\u0435\u0442\u0441\u0442\u0432\u0438\u0438 \u0441 \u043f\u0440\u0438\u043d\u0446\u0438\u043f\u0430\u043c\u0438 KVKK \u0438 GDPR.<\/p>\r\n<!-- \/wp:paragraph -->\r\n<p><!-- wp:paragraph --><strong>6. \u041a\u043e\u043d\u0442\u0430\u043a\u0442\u043d\u0430\u044f \u0438\u043d\u0444\u043e\u0440\u043c\u0430\u0446\u0438\u044f<\/strong><\/p>\r\n<!-- \/wp:paragraph -->\r\n<p><!-- wp:paragraph --><strong>Health Go Sa\u011fl\u0131k Turizm<\/strong><br \/>\u0410\u0434\u0440\u0435\u0441: <strong>Gap Mah. Golden Plaza \u2116: 52\/14 \u2013 Batman \/ Merkez<\/strong><br \/>\u0422\u0435\u043b\u0435\u0444\u043e\u043d: <strong>+90 506 593 79 94<\/strong><br \/>\u042d\u043b\u0435\u043a\u0442\u0440\u043e\u043d\u043d\u0430\u044f \u043f\u043e\u0447\u0442\u0430: <strong>info@healthgotravel.com<\/strong><br \/>\u0410\u0434\u0440\u0435\u0441 KEP: <strong>healthgotravelturizm@hs01.kep.tr<\/strong><\/p>\r\n<!-- \/wp:paragraph -->\r\n<p>&nbsp;<\/p>\r\n[\/vc_column_text][\/vc_column][\/vc_row]","protected":false},"excerpt":{"rendered":"<p>[vc_row type=&#187;in_container&#187; full_screen_row_position=&#187;middle&#187; column_margin=&#187;default&#187; column_direction=&#187;default&#187; column_direction_tablet=&#187;default&#187; column_direction_phone=&#187;default&#187; scene_position=&#187;center&#187; text_color=&#187;dark&#187; text_align=&#187;left&#187; row_border_radius=&#187;none&#187; row_border_radius_applies=&#187;bg&#187; overflow=&#187;visible&#187; overlay_strength=&#187;0.3&#8243; gradient_direction=&#187;left_to_right&#187; shape_divider_position=&#187;bottom&#187; bg_image_animation=&#187;none&#187;][vc_column column_padding=&#187;no-extra-padding&#187; column_padding_tablet=&#187;inherit&#187; column_padding_phone=&#187;inherit&#187; column_padding_position=&#187;all&#187; column_element_direction_desktop=&#187;default&#187; column_element_spacing=&#187;default&#187; desktop_text_alignment=&#187;default&#187; tablet_text_alignment=&#187;default&#187; phone_text_alignment=&#187;default&#187; background_color_opacity=&#187;1&#8243; background_hover_color_opacity=&#187;1&#8243; column_backdrop_filter=&#187;none&#187; column_shadow=&#187;none&#187;&#8230;<\/p>\n","protected":false},"author":1,"featured_media":0,"parent":0,"menu_order":0,"comment_status":"closed","ping_status":"open","template":"","meta":{"_joinchat":[],"footnotes":""},"class_list":["post-1320","page","type-page","status-publish"],"_links":{"self":[{"href":"https:\/\/healthgotravel.com\/ru\/wp-json\/wp\/v2\/pages\/1320","targetHints":{"allow":["GET"]}}],"collection":[{"href":"https:\/\/healthgotravel.com\/ru\/wp-json\/wp\/v2\/pages"}],"about":[{"href":"https:\/\/healthgotravel.com\/ru\/wp-json\/wp\/v2\/types\/page"}],"author":[{"embeddable":true,"href":"https:\/\/healthgotravel.com\/ru\/wp-json\/wp\/v2\/users\/1"}],"replies":[{"embeddable":true,"href":"https:\/\/healthgotravel.com\/ru\/wp-json\/wp\/v2\/comments?post=1320"}],"version-history":[{"count":2,"href":"https:\/\/healthgotravel.com\/ru\/wp-json\/wp\/v2\/pages\/1320\/revisions"}],"predecessor-version":[{"id":1328,"href":"https:\/\/healthgotravel.com\/ru\/wp-json\/wp\/v2\/pages\/1320\/revisions\/1328"}],"wp:attachment":[{"href":"https:\/\/healthgotravel.com\/ru\/wp-json\/wp\/v2\/media?parent=1320"}],"curies":[{"name":"wp","href":"https:\/\/api.w.org\/{rel}","templated":true}]}}