{"id":1319,"date":"2025-10-01T13:47:03","date_gmt":"2025-10-01T13:47:03","guid":{"rendered":"https:\/\/healthgotravel.com\/privacy-policy\/"},"modified":"2025-10-28T13:27:46","modified_gmt":"2025-10-28T13:27:46","slug":"privacy-policy","status":"publish","type":"page","link":"https:\/\/healthgotravel.com\/ro\/privacy-policy\/","title":{"rendered":"Politica de confiden\u021bialitate"},"content":{"rendered":"[vc_row type=&#8221;in_container&#8221; full_screen_row_position=&#8221;middle&#8221; column_margin=&#8221;default&#8221; column_direction=&#8221;default&#8221; column_direction_tablet=&#8221;default&#8221; column_direction_phone=&#8221;default&#8221; scene_position=&#8221;center&#8221; text_color=&#8221;dark&#8221; text_align=&#8221;left&#8221; row_border_radius=&#8221;none&#8221; row_border_radius_applies=&#8221;bg&#8221; overflow=&#8221;visible&#8221; overlay_strength=&#8221;0.3&#8243; gradient_direction=&#8221;left_to_right&#8221; shape_divider_position=&#8221;bottom&#8221; bg_image_animation=&#8221;none&#8221;][vc_column column_padding=&#8221;no-extra-padding&#8221; column_padding_tablet=&#8221;inherit&#8221; column_padding_phone=&#8221;inherit&#8221; column_padding_position=&#8221;all&#8221; column_element_direction_desktop=&#8221;default&#8221; column_element_spacing=&#8221;default&#8221; desktop_text_alignment=&#8221;default&#8221; tablet_text_alignment=&#8221;default&#8221; phone_text_alignment=&#8221;default&#8221; background_color_opacity=&#8221;1&#8243; background_hover_color_opacity=&#8221;1&#8243; column_backdrop_filter=&#8221;none&#8221; column_shadow=&#8221;none&#8221; column_border_radius=&#8221;none&#8221; column_link_target=&#8221;_self&#8221; column_position=&#8221;default&#8221; gradient_direction=&#8221;left_to_right&#8221; overlay_strength=&#8221;0.3&#8243; width=&#8221;1\/1&#8243; tablet_width_inherit=&#8221;default&#8221; animation_type=&#8221;default&#8221; bg_image_animation=&#8221;none&#8221; border_type=&#8221;simple&#8221; column_border_width=&#8221;none&#8221; column_border_style=&#8221;solid&#8221;][vc_column_text css=&#8221;&#8221; text_direction=&#8221;default&#8221;]\r\n<h2 class=\"wp-block-heading\"><strong>Politica de Confiden\u021bialitate \u0219i Protec\u021bia Datelor<\/strong><\/h2>\r\n<!-- \/wp:post-content -->\r\n<p><!-- wp:paragraph --><strong>Health Go Sa\u011fl\u0131k Turizm<\/strong><\/p>\r\n<!-- \/wp:paragraph -->\r\n<p><!-- wp:paragraph -->Health Go Sa\u011fl\u0131k Turizm, <strong>autorizat\u0103 de Ministerul S\u0103n\u0103t\u0103\u021bii din Turcia (T.C. Sa\u011fl\u0131k Bakanl\u0131\u011f\u0131)<\/strong>, se angajeaz\u0103 s\u0103 protejeze datele tale personale \u00een conformitate cu <strong>KVKK (Legea Turc\u0103 privind Protec\u021bia Datelor Personale nr. 6698)<\/strong> \u0219i <strong>standardele interna\u021bionale de protec\u021bie a datelor (GDPR, acolo unde este aplicabil).<\/strong><\/p>\r\n<!-- \/wp:paragraph -->\r\n<p><!-- wp:paragraph --><strong>1. Scopul colect\u0103rii datelor<\/strong><\/p>\r\n<!-- \/wp:paragraph -->\r\n<p><!-- wp:paragraph -->Prin trimiterea informa\u021biilor tale prin intermediul <strong>formularelor publicitare, paginilor de destina\u021bie, chat-ului WhatsApp sau canalelor digitale de contact (Meta, Google, TikTok etc.)<\/strong>, \u00ee\u021bi exprimi acordul ca Health Go Sa\u011fl\u0131k Turizm s\u0103 colecteze \u0219i s\u0103 proceseze datele tale pentru:<\/p>\r\n<!-- \/wp:paragraph -->\r\n<p>&nbsp;<\/p>\r\n<!-- wp:list -->\r\n<ul class=\"wp-block-list\">\r\n<li style=\"list-style-type: none;\">\r\n<ul class=\"wp-block-list\">\r\n<li style=\"list-style-type: none;\">\r\n<ul class=\"wp-block-list\"><!-- wp:list-item -->\r\n<li>Contactarea ta \u00een leg\u0103tur\u0103 cu op\u021biunile de tratament, pre\u021burile \u0219i planificarea consulta\u021biilor<\/li>\r\n<!-- \/wp:list-item -->\r\n\r\n<!-- wp:list-item -->\r\n<li>Oferirea de asisten\u021b\u0103 \u0219i consiliere \u00een domeniul turismului medical<\/li>\r\n<!-- \/wp:list-item -->\r\n\r\n<!-- wp:list-item -->\r\n<li>Cooperarea cu spitale, clinici sau medici autoriza\u021bi pentru evaluarea medical\u0103<\/li>\r\n<!-- \/wp:list-item -->\r\n\r\n<!-- wp:list-item -->\r\n<li>Urm\u0103rirea solicit\u0103rii tale prin WhatsApp, telefon, e-mail sau SMS<\/li>\r\n<\/ul>\r\n<\/li>\r\n<\/ul>\r\n<p><!-- \/wp:list-item --><\/p>\r\n<\/li>\r\n<\/ul>\r\n<!-- \/wp:list -->\r\n<p>&nbsp;<\/p>\r\n<!-- \/wp:list -->\r\n<p><!-- wp:paragraph --><strong>2. Datele pe care le colect\u0103m<\/strong><\/p>\r\n<!-- \/wp:paragraph -->\r\n<p><!-- wp:paragraph -->Putem colecta urm\u0103toarele informa\u021bii:<br \/><strong>Nume, \u021bar\u0103 de reziden\u021b\u0103, num\u0103r de contact, e-mail, interes pentru tratament \u0219i orice noti\u021be oferite de tine.<\/strong><br \/>Nu <strong>solicit\u0103m<\/strong> rapoarte medicale detaliate prin formularele publicitare. Dac\u0103 este necesar, aceste informa\u021bii sunt colectate ulterior prin <strong>comunicare direct\u0103 \u0219i securizat\u0103, cu consim\u021b\u0103m\u00e2ntul t\u0103u.<\/strong><\/p>\r\n<!-- \/wp:paragraph -->\r\n<p><!-- wp:paragraph --><strong>3. Procesarea \u0219i partajarea datelor<\/strong><\/p>\r\n<!-- \/wp:paragraph -->\r\n<p><!-- wp:paragraph -->Datele tale pot fi partajate \u00een siguran\u021b\u0103 <strong>doar atunci c\u00e2nd este necesar<\/strong> cu <strong>spitale licen\u021biate, medici sau parteneri de c\u0103l\u0103torie acredita\u021bi<\/strong>, exclusiv pentru procesul de turism medical.<br \/><strong>Nu vindem, nu \u00eenchiriem \u0219i nu transfer\u0103m datele tale c\u0103tre ter\u021bi neautoriza\u021bi.<\/strong><\/p>\r\n<!-- \/wp:paragraph -->\r\n<p><!-- wp:paragraph --><strong>4. Securitatea \u0219i p\u0103strarea datelor<\/strong><\/p>\r\n<!-- \/wp:paragraph -->\r\n<p><!-- wp:paragraph -->Toate datele personale sunt stocate \u00een siguran\u021b\u0103 \u0219i utilizate <strong>numai \u00een scopuri legate de furnizarea serviciilor.<\/strong> Datele sunt p\u0103strate doar at\u00e2t timp c\u00e2t este necesar pentru a oferi consultan\u021b\u0103 \u0219i suport.<\/p>\r\n<!-- \/wp:paragraph -->\r\n<p><!-- wp:paragraph --><strong>5. Drepturile utilizatorului<\/strong><\/p>\r\n<!-- \/wp:paragraph -->\r\n<p><!-- wp:paragraph -->Po\u021bi contacta Health Go Sa\u011fl\u0131k Turizm \u00een orice moment pentru a solicita <strong>informa\u021bii despre datele tale stocate<\/strong>, \u00een conformitate cu principiile KVKK \u0219i GDPR.<\/p>\r\n<!-- \/wp:paragraph -->\r\n<p><!-- wp:paragraph --><strong>6. Informa\u021bii de contact<\/strong><\/p>\r\n<!-- \/wp:paragraph -->\r\n<p><!-- wp:paragraph --><strong>Health Go Sa\u011fl\u0131k Turizm<\/strong><br \/>Adres\u0103: <strong>Gap Mah. Golden Plaza Nr: 52\/14 \u2013 Batman \/ Merkez<\/strong><br \/>Telefon: <strong>+90 506 593 79 94<\/strong><br \/>E-mail: <strong>info@healthgotravel.com<\/strong><br \/>Adres\u0103 KEP: <strong>healthgotravelturizm@hs01.kep.tr<\/strong><\/p>\r\n<!-- \/wp:paragraph -->\r\n<p>&nbsp;<\/p>\r\n[\/vc_column_text][\/vc_column][\/vc_row]","protected":false},"excerpt":{"rendered":"<p>[vc_row type=&#8221;in_container&#8221; full_screen_row_position=&#8221;middle&#8221; column_margin=&#8221;default&#8221; column_direction=&#8221;default&#8221; column_direction_tablet=&#8221;default&#8221; column_direction_phone=&#8221;default&#8221; scene_position=&#8221;center&#8221; text_color=&#8221;dark&#8221; text_align=&#8221;left&#8221; row_border_radius=&#8221;none&#8221; row_border_radius_applies=&#8221;bg&#8221; overflow=&#8221;visible&#8221; overlay_strength=&#8221;0.3&#8243; gradient_direction=&#8221;left_to_right&#8221; shape_divider_position=&#8221;bottom&#8221; bg_image_animation=&#8221;none&#8221;][vc_column column_padding=&#8221;no-extra-padding&#8221; column_padding_tablet=&#8221;inherit&#8221; column_padding_phone=&#8221;inherit&#8221; column_padding_position=&#8221;all&#8221; column_element_direction_desktop=&#8221;default&#8221; column_element_spacing=&#8221;default&#8221; desktop_text_alignment=&#8221;default&#8221; tablet_text_alignment=&#8221;default&#8221; phone_text_alignment=&#8221;default&#8221; background_color_opacity=&#8221;1&#8243; background_hover_color_opacity=&#8221;1&#8243; column_backdrop_filter=&#8221;none&#8221; column_shadow=&#8221;none&#8221;&#8230;<\/p>\n","protected":false},"author":1,"featured_media":0,"parent":0,"menu_order":0,"comment_status":"closed","ping_status":"open","template":"","meta":{"_joinchat":[],"footnotes":""},"class_list":["post-1319","page","type-page","status-publish"],"_links":{"self":[{"href":"https:\/\/healthgotravel.com\/ro\/wp-json\/wp\/v2\/pages\/1319","targetHints":{"allow":["GET"]}}],"collection":[{"href":"https:\/\/healthgotravel.com\/ro\/wp-json\/wp\/v2\/pages"}],"about":[{"href":"https:\/\/healthgotravel.com\/ro\/wp-json\/wp\/v2\/types\/page"}],"author":[{"embeddable":true,"href":"https:\/\/healthgotravel.com\/ro\/wp-json\/wp\/v2\/users\/1"}],"replies":[{"embeddable":true,"href":"https:\/\/healthgotravel.com\/ro\/wp-json\/wp\/v2\/comments?post=1319"}],"version-history":[{"count":1,"href":"https:\/\/healthgotravel.com\/ro\/wp-json\/wp\/v2\/pages\/1319\/revisions"}],"predecessor-version":[{"id":1326,"href":"https:\/\/healthgotravel.com\/ro\/wp-json\/wp\/v2\/pages\/1319\/revisions\/1326"}],"wp:attachment":[{"href":"https:\/\/healthgotravel.com\/ro\/wp-json\/wp\/v2\/media?parent=1319"}],"curies":[{"name":"wp","href":"https:\/\/api.w.org\/{rel}","templated":true}]}}