{"id":1318,"date":"2025-10-01T13:47:03","date_gmt":"2025-10-01T13:47:03","guid":{"rendered":"https:\/\/healthgotravel.com\/privacy-policy\/"},"modified":"2025-10-28T13:26:48","modified_gmt":"2025-10-28T13:26:48","slug":"privacy-policy","status":"publish","type":"page","link":"https:\/\/healthgotravel.com\/it\/privacy-policy\/","title":{"rendered":"Informativa sulla privacy"},"content":{"rendered":"[vc_row type=&#8221;in_container&#8221; full_screen_row_position=&#8221;middle&#8221; column_margin=&#8221;default&#8221; column_direction=&#8221;default&#8221; column_direction_tablet=&#8221;default&#8221; column_direction_phone=&#8221;default&#8221; scene_position=&#8221;center&#8221; text_color=&#8221;dark&#8221; text_align=&#8221;left&#8221; row_border_radius=&#8221;none&#8221; row_border_radius_applies=&#8221;bg&#8221; overflow=&#8221;visible&#8221; overlay_strength=&#8221;0.3&#8243; gradient_direction=&#8221;left_to_right&#8221; shape_divider_position=&#8221;bottom&#8221; bg_image_animation=&#8221;none&#8221;][vc_column column_padding=&#8221;no-extra-padding&#8221; column_padding_tablet=&#8221;inherit&#8221; column_padding_phone=&#8221;inherit&#8221; column_padding_position=&#8221;all&#8221; column_element_direction_desktop=&#8221;default&#8221; column_element_spacing=&#8221;default&#8221; desktop_text_alignment=&#8221;default&#8221; tablet_text_alignment=&#8221;default&#8221; phone_text_alignment=&#8221;default&#8221; background_color_opacity=&#8221;1&#8243; background_hover_color_opacity=&#8221;1&#8243; column_backdrop_filter=&#8221;none&#8221; column_shadow=&#8221;none&#8221; column_border_radius=&#8221;none&#8221; column_link_target=&#8221;_self&#8221; column_position=&#8221;default&#8221; gradient_direction=&#8221;left_to_right&#8221; overlay_strength=&#8221;0.3&#8243; width=&#8221;1\/1&#8243; tablet_width_inherit=&#8221;default&#8221; animation_type=&#8221;default&#8221; bg_image_animation=&#8221;none&#8221; border_type=&#8221;simple&#8221; column_border_width=&#8221;none&#8221; column_border_style=&#8221;solid&#8221;][vc_column_text css=&#8221;&#8221; text_direction=&#8221;default&#8221;]\r\n<h2 class=\"wp-block-heading\"><strong>Informativa sulla Privacy e Protezione dei Dati<\/strong><\/h2>\r\n<!-- \/wp:post-content -->\r\n<p><!-- wp:paragraph --><strong>Health Go Sa\u011fl\u0131k Turizm<\/strong><\/p>\r\n<!-- \/wp:paragraph -->\r\n<p><!-- wp:paragraph -->Health Go Sa\u011fl\u0131k Turizm, <strong>autorizzata dal Ministero della Salute della Turchia (T.C. Sa\u011fl\u0131k Bakanl\u0131\u011f\u0131)<\/strong>, si impegna a proteggere i tuoi dati personali in conformit\u00e0 con la <strong>KVKK (Legge Turca sulla Protezione dei Dati Personali n. 6698)<\/strong> e gli <strong>standard internazionali di protezione dei dati (GDPR, ove applicabile).<\/strong><\/p>\r\n<!-- \/wp:paragraph -->\r\n<p><!-- wp:paragraph --><strong>1. Scopo della raccolta dei dati<\/strong><\/p>\r\n<!-- \/wp:paragraph -->\r\n<p><!-- wp:paragraph -->Inviando le tue informazioni tramite i nostri <strong>moduli pubblicitari, landing page, chat WhatsApp o canali digitali di contatto (Meta, Google, TikTok, ecc.)<\/strong>, acconsenti a che Health Go Sa\u011fl\u0131k Turizm raccolga ed elabori i tuoi dati per:<\/p>\r\n<!-- \/wp:paragraph -->\r\n<p>&nbsp;<\/p>\r\n<!-- wp:list -->\r\n<ul class=\"wp-block-list\">\r\n<li style=\"list-style-type: none;\">\r\n<ul class=\"wp-block-list\">\r\n<li style=\"list-style-type: none;\">\r\n<ul class=\"wp-block-list\"><!-- wp:list-item -->\r\n<li>Contattarti in merito alle opzioni di trattamento, ai prezzi e alla pianificazione delle consulenze<\/li>\r\n<!-- \/wp:list-item -->\r\n\r\n<!-- wp:list-item -->\r\n<li>Fornire consulenza in ambito di turismo sanitario e assistenza nei viaggi<\/li>\r\n<!-- \/wp:list-item -->\r\n\r\n<!-- wp:list-item -->\r\n<li>Coordinarsi con ospedali, cliniche o medici autorizzati per la valutazione medica<\/li>\r\n<!-- \/wp:list-item -->\r\n\r\n<!-- wp:list-item -->\r\n<li>Seguire la tua richiesta tramite WhatsApp, telefono, e-mail o SMS<\/li>\r\n<\/ul>\r\n<\/li>\r\n<\/ul>\r\n<p><!-- \/wp:list-item --><\/p>\r\n<\/li>\r\n<\/ul>\r\n<!-- \/wp:list -->\r\n<p>&nbsp;<\/p>\r\n<!-- \/wp:list -->\r\n<p><!-- wp:paragraph --><strong>2. Dati che raccogliamo<\/strong><\/p>\r\n<!-- \/wp:paragraph -->\r\n<p><!-- wp:paragraph -->Possiamo raccogliere le seguenti informazioni:<br \/><strong>Nome, paese di residenza, numero di telefono, e-mail, interesse per il trattamento e eventuali note fornite.<\/strong><br \/>Non <strong>richiediamo<\/strong> report medici dettagliati tramite i moduli pubblicitari. Se necessario, tali informazioni vengono raccolte successivamente tramite <strong>comunicazione diretta e sicura con il tuo consenso.<\/strong><\/p>\r\n<!-- \/wp:paragraph -->\r\n<p><!-- wp:paragraph --><strong>3. Elaborazione e condivisione dei dati<\/strong><\/p>\r\n<!-- \/wp:paragraph -->\r\n<p><!-- wp:paragraph -->I tuoi dati possono essere condivisi in modo sicuro <strong>solo quando necessario<\/strong> con <strong>ospedali autorizzati, medici o partner di viaggio accreditati<\/strong>, esclusivamente per il processo di turismo sanitario.<br \/><strong>Non vendiamo, affittiamo o trasferiamo i tuoi dati a terze parti non autorizzate.<\/strong><\/p>\r\n<!-- \/wp:paragraph -->\r\n<p><!-- wp:paragraph --><strong>4. Sicurezza e conservazione dei dati<\/strong><\/p>\r\n<!-- \/wp:paragraph -->\r\n<p><!-- wp:paragraph -->Tutti i dati personali vengono archiviati in modo sicuro e utilizzati <strong>solo per scopi legati ai servizi.<\/strong> I dati vengono conservati solo per il tempo necessario a fornire consulenze e assistenza.<\/p>\r\n<!-- \/wp:paragraph -->\r\n<p><!-- wp:paragraph --><strong>5. Diritti dell\u2019utente<\/strong><\/p>\r\n<!-- \/wp:paragraph -->\r\n<p><!-- wp:paragraph -->Puoi contattare Health Go Sa\u011fl\u0131k Turizm in qualsiasi momento per richiedere <strong>informazioni sui tuoi dati archiviati<\/strong> in conformit\u00e0 con i principi della KVKK e del GDPR.<\/p>\r\n<!-- \/wp:paragraph -->\r\n<p><!-- wp:paragraph --><strong>6. Informazioni di contatto<\/strong><\/p>\r\n<!-- \/wp:paragraph -->\r\n<p><!-- wp:paragraph --><strong>Health Go Sa\u011fl\u0131k Turizm<\/strong><br \/>Indirizzo: <strong>Gap Mah. Golden Plaza No: 52\/14 \u2013 Batman \/ Merkez<\/strong><br \/>Telefono: <strong>+90 506 593 79 94<\/strong><br \/>E-mail: <strong>info@healthgotravel.com<\/strong><br \/>Indirizzo KEP: <strong>healthgotravelturizm@hs01.kep.tr<\/strong><\/p>\r\n<!-- \/wp:paragraph -->\r\n<p>&nbsp;<\/p>\r\n[\/vc_column_text][\/vc_column][\/vc_row]","protected":false},"excerpt":{"rendered":"<p>[vc_row type=&#8221;in_container&#8221; full_screen_row_position=&#8221;middle&#8221; column_margin=&#8221;default&#8221; column_direction=&#8221;default&#8221; column_direction_tablet=&#8221;default&#8221; column_direction_phone=&#8221;default&#8221; scene_position=&#8221;center&#8221; text_color=&#8221;dark&#8221; text_align=&#8221;left&#8221; row_border_radius=&#8221;none&#8221; row_border_radius_applies=&#8221;bg&#8221; overflow=&#8221;visible&#8221; overlay_strength=&#8221;0.3&#8243; gradient_direction=&#8221;left_to_right&#8221; shape_divider_position=&#8221;bottom&#8221; bg_image_animation=&#8221;none&#8221;][vc_column column_padding=&#8221;no-extra-padding&#8221; column_padding_tablet=&#8221;inherit&#8221; column_padding_phone=&#8221;inherit&#8221; column_padding_position=&#8221;all&#8221; column_element_direction_desktop=&#8221;default&#8221; column_element_spacing=&#8221;default&#8221; desktop_text_alignment=&#8221;default&#8221; tablet_text_alignment=&#8221;default&#8221; phone_text_alignment=&#8221;default&#8221; background_color_opacity=&#8221;1&#8243; background_hover_color_opacity=&#8221;1&#8243; column_backdrop_filter=&#8221;none&#8221; column_shadow=&#8221;none&#8221;&#8230;<\/p>\n","protected":false},"author":1,"featured_media":0,"parent":0,"menu_order":0,"comment_status":"closed","ping_status":"open","template":"","meta":{"_joinchat":[],"footnotes":""},"class_list":["post-1318","page","type-page","status-publish"],"_links":{"self":[{"href":"https:\/\/healthgotravel.com\/it\/wp-json\/wp\/v2\/pages\/1318","targetHints":{"allow":["GET"]}}],"collection":[{"href":"https:\/\/healthgotravel.com\/it\/wp-json\/wp\/v2\/pages"}],"about":[{"href":"https:\/\/healthgotravel.com\/it\/wp-json\/wp\/v2\/types\/page"}],"author":[{"embeddable":true,"href":"https:\/\/healthgotravel.com\/it\/wp-json\/wp\/v2\/users\/1"}],"replies":[{"embeddable":true,"href":"https:\/\/healthgotravel.com\/it\/wp-json\/wp\/v2\/comments?post=1318"}],"version-history":[{"count":2,"href":"https:\/\/healthgotravel.com\/it\/wp-json\/wp\/v2\/pages\/1318\/revisions"}],"predecessor-version":[{"id":1325,"href":"https:\/\/healthgotravel.com\/it\/wp-json\/wp\/v2\/pages\/1318\/revisions\/1325"}],"wp:attachment":[{"href":"https:\/\/healthgotravel.com\/it\/wp-json\/wp\/v2\/media?parent=1318"}],"curies":[{"name":"wp","href":"https:\/\/api.w.org\/{rel}","templated":true}]}}