{"id":734,"date":"2025-10-01T13:47:03","date_gmt":"2025-10-01T13:47:03","guid":{"rendered":"https:\/\/healthgotravel.com\/privacy-policy\/"},"modified":"2025-10-27T09:57:56","modified_gmt":"2025-10-27T09:57:56","slug":"privacy-policy","status":"publish","type":"page","link":"https:\/\/healthgotravel.com\/fr\/privacy-policy\/","title":{"rendered":"Politique de confidentialit\u00e9"},"content":{"rendered":"[vc_row type=\u00a0\u00bbin_container\u00a0\u00bb full_screen_row_position=\u00a0\u00bbmiddle\u00a0\u00bb column_margin=\u00a0\u00bbdefault\u00a0\u00bb column_direction=\u00a0\u00bbdefault\u00a0\u00bb column_direction_tablet=\u00a0\u00bbdefault\u00a0\u00bb column_direction_phone=\u00a0\u00bbdefault\u00a0\u00bb scene_position=\u00a0\u00bbcenter\u00a0\u00bb text_color=\u00a0\u00bbdark\u00a0\u00bb text_align=\u00a0\u00bbleft\u00a0\u00bb row_border_radius=\u00a0\u00bbnone\u00a0\u00bb row_border_radius_applies=\u00a0\u00bbbg\u00a0\u00bb overflow=\u00a0\u00bbvisible\u00a0\u00bb overlay_strength=\u00a0\u00bb0.3&Prime; gradient_direction=\u00a0\u00bbleft_to_right\u00a0\u00bb shape_divider_position=\u00a0\u00bbbottom\u00a0\u00bb bg_image_animation=\u00a0\u00bbnone\u00a0\u00bb][vc_column column_padding=\u00a0\u00bbno-extra-padding\u00a0\u00bb column_padding_tablet=\u00a0\u00bbinherit\u00a0\u00bb column_padding_phone=\u00a0\u00bbinherit\u00a0\u00bb column_padding_position=\u00a0\u00bball\u00a0\u00bb column_element_direction_desktop=\u00a0\u00bbdefault\u00a0\u00bb column_element_spacing=\u00a0\u00bbdefault\u00a0\u00bb desktop_text_alignment=\u00a0\u00bbdefault\u00a0\u00bb tablet_text_alignment=\u00a0\u00bbdefault\u00a0\u00bb phone_text_alignment=\u00a0\u00bbdefault\u00a0\u00bb background_color_opacity=\u00a0\u00bb1&Prime; background_hover_color_opacity=\u00a0\u00bb1&Prime; column_backdrop_filter=\u00a0\u00bbnone\u00a0\u00bb column_shadow=\u00a0\u00bbnone\u00a0\u00bb column_border_radius=\u00a0\u00bbnone\u00a0\u00bb column_link_target=\u00a0\u00bb_self\u00a0\u00bb column_position=\u00a0\u00bbdefault\u00a0\u00bb gradient_direction=\u00a0\u00bbleft_to_right\u00a0\u00bb overlay_strength=\u00a0\u00bb0.3&Prime; width=\u00a0\u00bb1\/1&Prime; tablet_width_inherit=\u00a0\u00bbdefault\u00a0\u00bb animation_type=\u00a0\u00bbdefault\u00a0\u00bb bg_image_animation=\u00a0\u00bbnone\u00a0\u00bb border_type=\u00a0\u00bbsimple\u00a0\u00bb column_border_width=\u00a0\u00bbnone\u00a0\u00bb column_border_style=\u00a0\u00bbsolid\u00a0\u00bb][vc_column_text css=\u00a0\u00bb\u00a0\u00bb text_direction=\u00a0\u00bbdefault\u00a0\u00bb]\r\n<h2 class=\"wp-block-heading\"><strong>Politique de confidentialit\u00e9 et de protection des donn\u00e9es<\/strong><\/h2>\r\n<!-- \/wp:post-content -->\r\n<p><!-- wp:paragraph --><strong>Health Go Sa\u011fl\u0131k Turizm<\/strong><\/p>\r\n<!-- \/wp:paragraph -->\r\n<p><!-- wp:paragraph -->Health Go Sa\u011fl\u0131k Turizm, <strong>autoris\u00e9 par le Minist\u00e8re turc de la Sant\u00e9 (T.C. Sa\u011fl\u0131k Bakanl\u0131\u011f\u0131)<\/strong>, s\u2019engage \u00e0 prot\u00e9ger vos donn\u00e9es personnelles conform\u00e9ment \u00e0 la <strong>loi turque sur la protection des donn\u00e9es personnelles (KVKK n\u00b0 6698)<\/strong> et aux <strong>normes internationales de protection des donn\u00e9es (RGPD, lorsque applicable).<\/strong><\/p>\r\n<!-- \/wp:paragraph -->\r\n<p><!-- wp:paragraph --><strong>1. Finalit\u00e9 de la collecte de donn\u00e9es<\/strong><\/p>\r\n<!-- \/wp:paragraph -->\r\n<p><!-- wp:paragraph -->En soumettant vos informations via nos <strong>formulaires publicitaires, pages d\u2019atterrissage, chat WhatsApp ou canaux de contact num\u00e9riques (Meta, Google, TikTok, etc.)<\/strong>, vous consentez \u00e0 ce que Health Go Sa\u011fl\u0131k Turizm collecte et traite vos donn\u00e9es afin de :<\/p>\r\n<!-- \/wp:paragraph -->\r\n<p>&nbsp;<\/p>\r\n<!-- wp:list -->\r\n<ul class=\"wp-block-list\">\r\n<li style=\"list-style-type: none;\">\r\n<ul class=\"wp-block-list\">\r\n<li style=\"list-style-type: none;\">\r\n<ul class=\"wp-block-list\"><!-- wp:list-item -->\r\n<li>Vous contacter concernant les options de traitement, les tarifs et la planification des consultations<\/li>\r\n<!-- \/wp:list-item -->\r\n\r\n<!-- wp:list-item -->\r\n<li>Fournir des conseils en tourisme de sant\u00e9 et une assistance au voyage<\/li>\r\n<!-- \/wp:list-item -->\r\n\r\n<!-- wp:list-item -->\r\n<li>Coordonner avec des h\u00f4pitaux, cliniques ou m\u00e9decins agr\u00e9\u00e9s pour une \u00e9valuation m\u00e9dicale<\/li>\r\n<!-- \/wp:list-item -->\r\n\r\n<!-- wp:list-item -->\r\n<li>Assurer le suivi de votre demande via WhatsApp, t\u00e9l\u00e9phone, e-mail ou SMS<\/li>\r\n<\/ul>\r\n<\/li>\r\n<\/ul>\r\n<p><!-- \/wp:list-item --><\/p>\r\n<\/li>\r\n<\/ul>\r\n<!-- \/wp:list -->\r\n<p><!-- wp:paragraph --><strong>2. Donn\u00e9es que nous collectons<\/strong><\/p>\r\n<!-- \/wp:paragraph -->\r\n<p><!-- wp:paragraph -->Nous pouvons collecter les informations suivantes :<br \/><strong>Nom, pays de r\u00e9sidence, num\u00e9ro de contact, adresse e-mail, traitement d\u2019int\u00e9r\u00eat et toute note que vous fournissez.<\/strong><br \/>Nous ne demandons <strong>pas<\/strong> de rapports m\u00e9dicaux d\u00e9taill\u00e9s via les formulaires publicitaires. Si n\u00e9cessaire, ces informations sont recueillies ult\u00e9rieurement via une <strong>communication s\u00e9curis\u00e9e et directe avec votre consentement.<\/strong><\/p>\r\n<!-- \/wp:paragraph -->\r\n<p><!-- wp:paragraph --><strong>3. Traitement et partage des donn\u00e9es<\/strong><\/p>\r\n<!-- \/wp:paragraph -->\r\n<p><!-- wp:paragraph -->Vos donn\u00e9es peuvent \u00eatre partag\u00e9es de mani\u00e8re s\u00e9curis\u00e9e <strong>uniquement lorsque cela est n\u00e9cessaire<\/strong> avec des <strong>h\u00f4pitaux agr\u00e9\u00e9s, m\u00e9decins ou partenaires de voyage accr\u00e9dit\u00e9s<\/strong>, strictement dans le cadre de votre processus de tourisme de sant\u00e9.<br \/><strong>Nous ne vendons, ne louons ni ne transf\u00e9rons vos donn\u00e9es \u00e0 des tiers non autoris\u00e9s.<\/strong><\/p>\r\n<!-- \/wp:paragraph -->\r\n<p><!-- wp:paragraph --><strong>4. S\u00e9curit\u00e9 et conservation des donn\u00e9es<\/strong><\/p>\r\n<!-- \/wp:paragraph -->\r\n<p><!-- wp:paragraph -->Toutes les donn\u00e9es personnelles sont stock\u00e9es de mani\u00e8re s\u00e9curis\u00e9e et utilis\u00e9es <strong>uniquement \u00e0 des fins li\u00e9es au service.<\/strong> Les donn\u00e9es ne sont conserv\u00e9es que le temps n\u00e9cessaire pour fournir la consultation et le soutien demand\u00e9s.<\/p>\r\n<!-- \/wp:paragraph -->\r\n<p><!-- wp:paragraph --><strong>5. Droits de l\u2019utilisateur<\/strong><\/p>\r\n<!-- \/wp:paragraph -->\r\n<p><!-- wp:paragraph -->Vous pouvez contacter Health Go Sa\u011fl\u0131k Turizm \u00e0 tout moment pour demander des <strong>informations concernant vos donn\u00e9es stock\u00e9es<\/strong>, conform\u00e9ment aux principes de la KVKK et du RGPD.<\/p>\r\n<!-- \/wp:paragraph -->\r\n<p><!-- wp:paragraph --><strong>6. Informations de contact<\/strong><\/p>\r\n<!-- \/wp:paragraph -->\r\n<p><!-- wp:paragraph --><strong>Health Go Sa\u011fl\u0131k Turizm<\/strong><br \/>Adresse : <strong>Gap Mah. Golden Plaza No : 52\/14 \u2013 Batman \/ Merkez<\/strong><br \/>T\u00e9l\u00e9phone : <strong>+90 506 593 79 94<\/strong><br \/>E-mail : <strong>info@healthgotravel.com<\/strong><br \/>Adresse KEP : <strong>healthgotravelturizm@hs01.kep.tr<\/strong><\/p>\r\n<!-- \/wp:paragraph -->\r\n<p>&nbsp;<\/p>\r\n[\/vc_column_text][\/vc_column][\/vc_row]","protected":false},"excerpt":{"rendered":"<p>[vc_row type=\u00a0\u00bbin_container\u00a0\u00bb full_screen_row_position=\u00a0\u00bbmiddle\u00a0\u00bb column_margin=\u00a0\u00bbdefault\u00a0\u00bb column_direction=\u00a0\u00bbdefault\u00a0\u00bb column_direction_tablet=\u00a0\u00bbdefault\u00a0\u00bb column_direction_phone=\u00a0\u00bbdefault\u00a0\u00bb scene_position=\u00a0\u00bbcenter\u00a0\u00bb text_color=\u00a0\u00bbdark\u00a0\u00bb text_align=\u00a0\u00bbleft\u00a0\u00bb row_border_radius=\u00a0\u00bbnone\u00a0\u00bb row_border_radius_applies=\u00a0\u00bbbg\u00a0\u00bb overflow=\u00a0\u00bbvisible\u00a0\u00bb overlay_strength=\u00a0\u00bb0.3&Prime; gradient_direction=\u00a0\u00bbleft_to_right\u00a0\u00bb shape_divider_position=\u00a0\u00bbbottom\u00a0\u00bb bg_image_animation=\u00a0\u00bbnone\u00a0\u00bb][vc_column column_padding=\u00a0\u00bbno-extra-padding\u00a0\u00bb column_padding_tablet=\u00a0\u00bbinherit\u00a0\u00bb column_padding_phone=\u00a0\u00bbinherit\u00a0\u00bb column_padding_position=\u00a0\u00bball\u00a0\u00bb column_element_direction_desktop=\u00a0\u00bbdefault\u00a0\u00bb column_element_spacing=\u00a0\u00bbdefault\u00a0\u00bb desktop_text_alignment=\u00a0\u00bbdefault\u00a0\u00bb tablet_text_alignment=\u00a0\u00bbdefault\u00a0\u00bb phone_text_alignment=\u00a0\u00bbdefault\u00a0\u00bb background_color_opacity=\u00a0\u00bb1&Prime; background_hover_color_opacity=\u00a0\u00bb1&Prime; column_backdrop_filter=\u00a0\u00bbnone\u00a0\u00bb column_shadow=\u00a0\u00bbnone\u00a0\u00bb&#8230;<\/p>\n","protected":false},"author":1,"featured_media":0,"parent":0,"menu_order":0,"comment_status":"closed","ping_status":"open","template":"","meta":{"_joinchat":[],"footnotes":""},"class_list":["post-734","page","type-page","status-publish"],"_links":{"self":[{"href":"https:\/\/healthgotravel.com\/fr\/wp-json\/wp\/v2\/pages\/734","targetHints":{"allow":["GET"]}}],"collection":[{"href":"https:\/\/healthgotravel.com\/fr\/wp-json\/wp\/v2\/pages"}],"about":[{"href":"https:\/\/healthgotravel.com\/fr\/wp-json\/wp\/v2\/types\/page"}],"author":[{"embeddable":true,"href":"https:\/\/healthgotravel.com\/fr\/wp-json\/wp\/v2\/users\/1"}],"replies":[{"embeddable":true,"href":"https:\/\/healthgotravel.com\/fr\/wp-json\/wp\/v2\/comments?post=734"}],"version-history":[{"count":2,"href":"https:\/\/healthgotravel.com\/fr\/wp-json\/wp\/v2\/pages\/734\/revisions"}],"predecessor-version":[{"id":736,"href":"https:\/\/healthgotravel.com\/fr\/wp-json\/wp\/v2\/pages\/734\/revisions\/736"}],"wp:attachment":[{"href":"https:\/\/healthgotravel.com\/fr\/wp-json\/wp\/v2\/media?parent=734"}],"curies":[{"name":"wp","href":"https:\/\/api.w.org\/{rel}","templated":true}]}}