{"id":1321,"date":"2025-10-01T13:47:03","date_gmt":"2025-10-01T13:47:03","guid":{"rendered":"https:\/\/healthgotravel.com\/privacy-policy\/"},"modified":"2025-10-28T13:30:07","modified_gmt":"2025-10-28T13:30:07","slug":"privacy-policy","status":"publish","type":"page","link":"https:\/\/healthgotravel.com\/es\/privacy-policy\/","title":{"rendered":"Pol\u00edtica de privacidad"},"content":{"rendered":"[vc_row type=\u00bbin_container\u00bb full_screen_row_position=\u00bbmiddle\u00bb column_margin=\u00bbdefault\u00bb column_direction=\u00bbdefault\u00bb column_direction_tablet=\u00bbdefault\u00bb column_direction_phone=\u00bbdefault\u00bb scene_position=\u00bbcenter\u00bb text_color=\u00bbdark\u00bb text_align=\u00bbleft\u00bb row_border_radius=\u00bbnone\u00bb row_border_radius_applies=\u00bbbg\u00bb overflow=\u00bbvisible\u00bb overlay_strength=\u00bb0.3&#8243; gradient_direction=\u00bbleft_to_right\u00bb shape_divider_position=\u00bbbottom\u00bb bg_image_animation=\u00bbnone\u00bb][vc_column column_padding=\u00bbno-extra-padding\u00bb column_padding_tablet=\u00bbinherit\u00bb column_padding_phone=\u00bbinherit\u00bb column_padding_position=\u00bball\u00bb column_element_direction_desktop=\u00bbdefault\u00bb column_element_spacing=\u00bbdefault\u00bb desktop_text_alignment=\u00bbdefault\u00bb tablet_text_alignment=\u00bbdefault\u00bb phone_text_alignment=\u00bbdefault\u00bb background_color_opacity=\u00bb1&#8243; background_hover_color_opacity=\u00bb1&#8243; column_backdrop_filter=\u00bbnone\u00bb column_shadow=\u00bbnone\u00bb column_border_radius=\u00bbnone\u00bb column_link_target=\u00bb_self\u00bb column_position=\u00bbdefault\u00bb gradient_direction=\u00bbleft_to_right\u00bb overlay_strength=\u00bb0.3&#8243; width=\u00bb1\/1&#8243; tablet_width_inherit=\u00bbdefault\u00bb animation_type=\u00bbdefault\u00bb bg_image_animation=\u00bbnone\u00bb border_type=\u00bbsimple\u00bb column_border_width=\u00bbnone\u00bb column_border_style=\u00bbsolid\u00bb][vc_column_text css=\u00bb\u00bb text_direction=\u00bbdefault\u00bb]\r\n<h2 class=\"wp-block-heading\"><strong>Pol\u00edtica de Privacidad y Protecci\u00f3n de Datos<\/strong><\/h2>\r\n<!-- \/wp:post-content -->\r\n<p><!-- wp:paragraph --><strong>Health Go Sa\u011fl\u0131k Turizm<\/strong><\/p>\r\n<!-- \/wp:paragraph -->\r\n<p><!-- wp:paragraph -->Health Go Sa\u011fl\u0131k Turizm, <strong>autorizada por el Ministerio de Salud de Turqu\u00eda (T.C. Sa\u011fl\u0131k Bakanl\u0131\u011f\u0131)<\/strong>, se compromete a proteger sus datos personales de acuerdo con la <strong>KVKK (Ley Turca de Protecci\u00f3n de Datos Personales N\u00ba 6698)<\/strong> y los <strong>est\u00e1ndares internacionales de protecci\u00f3n de datos (GDPR, cuando sea aplicable).<\/strong><\/p>\r\n<!-- \/wp:paragraph -->\r\n<p><!-- wp:paragraph --><strong>1. Finalidad de la recopilaci\u00f3n de datos<\/strong><\/p>\r\n<!-- \/wp:paragraph -->\r\n<p><!-- wp:paragraph -->Al enviar su informaci\u00f3n a trav\u00e9s de nuestros <strong>formularios publicitarios, p\u00e1ginas de destino, chat de WhatsApp o canales digitales de contacto (Meta, Google, TikTok, etc.)<\/strong>, usted autoriza a Health Go Sa\u011fl\u0131k Turizm a recopilar y procesar sus datos con el fin de:<\/p>\r\n<!-- \/wp:paragraph -->\r\n<p>&nbsp;<\/p>\r\n<!-- wp:list -->\r\n<ul class=\"wp-block-list\">\r\n<li style=\"list-style-type: none;\">\r\n<ul class=\"wp-block-list\">\r\n<li style=\"list-style-type: none;\">\r\n<ul class=\"wp-block-list\"><!-- wp:list-item -->\r\n<li>Contactarle respecto a opciones de tratamiento, precios y planificaci\u00f3n de consultas<\/li>\r\n<!-- \/wp:list-item -->\r\n\r\n<!-- wp:list-item -->\r\n<li>Proporcionar orientaci\u00f3n sobre turismo m\u00e9dico y asistencia en viajes<\/li>\r\n<!-- \/wp:list-item -->\r\n\r\n<!-- wp:list-item -->\r\n<li>Coordinar con hospitales, cl\u00ednicas o m\u00e9dicos licenciados para la evaluaci\u00f3n m\u00e9dica<\/li>\r\n<!-- \/wp:list-item -->\r\n\r\n<!-- wp:list-item -->\r\n<li>Dar seguimiento a su solicitud a trav\u00e9s de WhatsApp, tel\u00e9fono, correo electr\u00f3nico o SMS<\/li>\r\n<\/ul>\r\n<\/li>\r\n<\/ul>\r\n<p><!-- \/wp:list-item --><\/p>\r\n<\/li>\r\n<\/ul>\r\n<!-- \/wp:list -->\r\n<p>&nbsp;<\/p>\r\n<!-- \/wp:list -->\r\n<p><!-- wp:paragraph --><strong>2. Datos que recopilamos<\/strong><\/p>\r\n<!-- \/wp:paragraph -->\r\n<p><!-- wp:paragraph -->Podemos recopilar la siguiente informaci\u00f3n:<br \/><strong>Nombre, pa\u00eds de residencia, n\u00famero de contacto, correo electr\u00f3nico, inter\u00e9s en tratamientos y cualquier nota que proporcione.<\/strong><br \/>No <strong>solicitamos<\/strong> informes m\u00e9dicos detallados a trav\u00e9s de los formularios publicitarios. Si es necesario, dicha informaci\u00f3n se recopila posteriormente mediante <strong>comunicaci\u00f3n directa y segura con su consentimiento.<\/strong><\/p>\r\n<!-- \/wp:paragraph -->\r\n<p><!-- wp:paragraph --><strong>3. Procesamiento y compartici\u00f3n de datos<\/strong><\/p>\r\n<!-- \/wp:paragraph -->\r\n<p><!-- wp:paragraph -->Sus datos pueden compartirse de forma segura <strong>solo cuando sea necesario<\/strong> con <strong>hospitales, m\u00e9dicos o socios de viaje acreditados<\/strong>, exclusivamente para el proceso de turismo m\u00e9dico.<br \/><strong>No vendemos, alquilamos ni transferimos sus datos a terceros no autorizados.<\/strong><\/p>\r\n<!-- \/wp:paragraph -->\r\n<p><!-- wp:paragraph --><strong>4. Seguridad y retenci\u00f3n de los datos<\/strong><\/p>\r\n<!-- \/wp:paragraph -->\r\n<p><!-- wp:paragraph -->Todos los datos personales se almacenan de manera segura y se utilizan <strong>\u00fanicamente con fines relacionados con los servicios.<\/strong> Los datos se conservan solo durante el tiempo necesario para proporcionar consultas y asistencia.<\/p>\r\n<!-- \/wp:paragraph -->\r\n<p><!-- wp:paragraph --><strong>5. Derechos del usuario<\/strong><\/p>\r\n<!-- \/wp:paragraph -->\r\n<p><!-- wp:paragraph -->Puede ponerse en contacto con Health Go Sa\u011fl\u0131k Turizm en cualquier momento para solicitar <strong>informaci\u00f3n sobre sus datos almacenados<\/strong>, de acuerdo con los principios de la KVKK y el GDPR.<\/p>\r\n<!-- \/wp:paragraph -->\r\n<p><!-- wp:paragraph --><strong>6. Informaci\u00f3n de contacto<\/strong><\/p>\r\n<!-- \/wp:paragraph -->\r\n<p><!-- wp:paragraph --><strong>Health Go Sa\u011fl\u0131k Turizm<\/strong><br \/>Direcci\u00f3n: <strong>Gap Mah. Golden Plaza No: 52\/14 \u2013 Batman \/ Merkez<\/strong><br \/>Tel\u00e9fono: <strong>+90 506 593 79 94<\/strong><br \/>Correo electr\u00f3nico: <strong>info@healthgotravel.com<\/strong><br \/>Direcci\u00f3n KEP: <strong>healthgotravelturizm@hs01.kep.tr<\/strong><\/p>\r\n<!-- \/wp:paragraph -->\r\n<p>&nbsp;<\/p>\r\n[\/vc_column_text][\/vc_column][\/vc_row]","protected":false},"excerpt":{"rendered":"<p>[vc_row type=\u00bbin_container\u00bb full_screen_row_position=\u00bbmiddle\u00bb column_margin=\u00bbdefault\u00bb column_direction=\u00bbdefault\u00bb column_direction_tablet=\u00bbdefault\u00bb column_direction_phone=\u00bbdefault\u00bb scene_position=\u00bbcenter\u00bb text_color=\u00bbdark\u00bb text_align=\u00bbleft\u00bb row_border_radius=\u00bbnone\u00bb row_border_radius_applies=\u00bbbg\u00bb overflow=\u00bbvisible\u00bb overlay_strength=\u00bb0.3&#8243; gradient_direction=\u00bbleft_to_right\u00bb shape_divider_position=\u00bbbottom\u00bb bg_image_animation=\u00bbnone\u00bb][vc_column column_padding=\u00bbno-extra-padding\u00bb column_padding_tablet=\u00bbinherit\u00bb column_padding_phone=\u00bbinherit\u00bb column_padding_position=\u00bball\u00bb column_element_direction_desktop=\u00bbdefault\u00bb column_element_spacing=\u00bbdefault\u00bb desktop_text_alignment=\u00bbdefault\u00bb tablet_text_alignment=\u00bbdefault\u00bb phone_text_alignment=\u00bbdefault\u00bb background_color_opacity=\u00bb1&#8243; background_hover_color_opacity=\u00bb1&#8243; column_backdrop_filter=\u00bbnone\u00bb column_shadow=\u00bbnone\u00bb&#8230;<\/p>\n","protected":false},"author":1,"featured_media":0,"parent":0,"menu_order":0,"comment_status":"closed","ping_status":"open","template":"","meta":{"_joinchat":[],"footnotes":""},"class_list":["post-1321","page","type-page","status-publish"],"_links":{"self":[{"href":"https:\/\/healthgotravel.com\/es\/wp-json\/wp\/v2\/pages\/1321","targetHints":{"allow":["GET"]}}],"collection":[{"href":"https:\/\/healthgotravel.com\/es\/wp-json\/wp\/v2\/pages"}],"about":[{"href":"https:\/\/healthgotravel.com\/es\/wp-json\/wp\/v2\/types\/page"}],"author":[{"embeddable":true,"href":"https:\/\/healthgotravel.com\/es\/wp-json\/wp\/v2\/users\/1"}],"replies":[{"embeddable":true,"href":"https:\/\/healthgotravel.com\/es\/wp-json\/wp\/v2\/comments?post=1321"}],"version-history":[{"count":2,"href":"https:\/\/healthgotravel.com\/es\/wp-json\/wp\/v2\/pages\/1321\/revisions"}],"predecessor-version":[{"id":1330,"href":"https:\/\/healthgotravel.com\/es\/wp-json\/wp\/v2\/pages\/1321\/revisions\/1330"}],"wp:attachment":[{"href":"https:\/\/healthgotravel.com\/es\/wp-json\/wp\/v2\/media?parent=1321"}],"curies":[{"name":"wp","href":"https:\/\/api.w.org\/{rel}","templated":true}]}}