{"id":627,"date":"2025-10-01T13:47:03","date_gmt":"2025-10-01T13:47:03","guid":{"rendered":"https:\/\/healthgotravel.com\/privacy-policy\/"},"modified":"2025-10-26T19:17:58","modified_gmt":"2025-10-26T19:17:58","slug":"datenschutzerklaerung","status":"publish","type":"page","link":"https:\/\/healthgotravel.com\/de\/datenschutzerklaerung\/","title":{"rendered":"Datenschutzerkl\u00e4rung"},"content":{"rendered":"[vc_row type=&#8220;in_container&#8220; full_screen_row_position=&#8220;middle&#8220; column_margin=&#8220;default&#8220; column_direction=&#8220;default&#8220; column_direction_tablet=&#8220;default&#8220; column_direction_phone=&#8220;default&#8220; scene_position=&#8220;center&#8220; text_color=&#8220;dark&#8220; text_align=&#8220;left&#8220; row_border_radius=&#8220;none&#8220; row_border_radius_applies=&#8220;bg&#8220; overflow=&#8220;visible&#8220; overlay_strength=&#8220;0.3&#8243; gradient_direction=&#8220;left_to_right&#8220; shape_divider_position=&#8220;bottom&#8220; bg_image_animation=&#8220;none&#8220;][vc_column column_padding=&#8220;no-extra-padding&#8220; column_padding_tablet=&#8220;inherit&#8220; column_padding_phone=&#8220;inherit&#8220; column_padding_position=&#8220;all&#8220; column_element_direction_desktop=&#8220;default&#8220; column_element_spacing=&#8220;default&#8220; desktop_text_alignment=&#8220;default&#8220; tablet_text_alignment=&#8220;default&#8220; phone_text_alignment=&#8220;default&#8220; background_color_opacity=&#8220;1&#8243; background_hover_color_opacity=&#8220;1&#8243; column_backdrop_filter=&#8220;none&#8220; column_shadow=&#8220;none&#8220; column_border_radius=&#8220;none&#8220; column_link_target=&#8220;_self&#8220; column_position=&#8220;default&#8220; gradient_direction=&#8220;left_to_right&#8220; overlay_strength=&#8220;0.3&#8243; width=&#8220;1\/1&#8243; tablet_width_inherit=&#8220;default&#8220; animation_type=&#8220;default&#8220; bg_image_animation=&#8220;none&#8220; border_type=&#8220;simple&#8220; column_border_width=&#8220;none&#8220; column_border_style=&#8220;solid&#8220;][vc_column_text css=&#8220;&#8220; text_direction=&#8220;default&#8220;]\r\n<h2 class=\"wp-block-heading\"><strong>Datenschutz- und Datenschutzrichtlinie<\/strong><\/h2>\r\n<!-- \/wp:post-content -->\r\n<p><!-- wp:paragraph --><strong>Health Go Sa\u011fl\u0131k Turizm<\/strong><\/p>\r\n<!-- \/wp:paragraph -->\r\n<p><!-- wp:paragraph -->Health Go Sa\u011fl\u0131k Turizm, <strong>autorisiert vom t\u00fcrkischen Ministerium f\u00fcr Gesundheit (T.C. Sa\u011fl\u0131k Bakanl\u0131\u011f\u0131)<\/strong>, verpflichtet sich, Ihre pers\u00f6nlichen Daten gem\u00e4\u00df dem <strong>KVKK (Gesetz zum Schutz personenbezogener Daten Nr. 6698)<\/strong> und <strong>internationalen Datenschutzstandards (GDPR, wo zutreffend)<\/strong> zu sch\u00fctzen.<\/p>\r\n<!-- \/wp:paragraph -->\r\n<p><!-- wp:paragraph --><strong>1. Zweck der Datenerhebung<\/strong><\/p>\r\n<!-- \/wp:paragraph -->\r\n<p><!-- wp:paragraph -->Indem Sie Ihre Informationen \u00fcber unsere <strong>Werbeformulare, Landing Pages, WhatsApp-Chat oder digitale Kontaktkan\u00e4le (Meta, Google, TikTok usw.)<\/strong> einreichen, stimmen Sie zu, dass Health Go Sa\u011fl\u0131k Turizm Ihre Daten erhebt und verarbeitet, um:<\/p>\r\n<!-- \/wp:paragraph -->\r\n<p>&nbsp;<\/p>\r\n<!-- wp:list -->\r\n<ul class=\"wp-block-list\">\r\n<li style=\"list-style-type: none;\">\r\n<ul class=\"wp-block-list\"><!-- wp:list-item -->\r\n<li>Sie bez\u00fcglich Behandlungsoptionen, Preisen und Konsultationsplanung zu kontaktieren<\/li>\r\n<!-- \/wp:list-item -->\r\n\r\n<!-- wp:list-item -->\r\n<li>Beratung zum Gesundheitstourismus und Unterst\u00fctzung bei der Reise zu bieten<\/li>\r\n<!-- \/wp:list-item -->\r\n\r\n<!-- wp:list-item -->\r\n<li>Mit Partnerkrankenh\u00e4usern, Kliniken oder lizenzierten \u00c4rzten f\u00fcr medizinische Bewertungen zu koordinieren<\/li>\r\n<!-- \/wp:list-item -->\r\n\r\n<!-- wp:list-item -->\r\n<li>Ihre Anfrage \u00fcber WhatsApp, Telefon, E-Mail oder SMS nachzuverfolgen<\/li>\r\n<\/ul>\r\n<\/li>\r\n<\/ul>\r\n<!-- \/wp:list-item -->\r\n<p>&nbsp;<\/p>\r\n<!-- \/wp:list -->\r\n<p><!-- wp:paragraph --><strong>2. Gesammelte Daten<\/strong><\/p>\r\n<!-- \/wp:paragraph -->\r\n<p><!-- wp:paragraph -->Wir k\u00f6nnen folgende Informationen sammeln:<br \/><strong>Name, Wohnsitzland, Kontakttelefonnummer, E-Mail, Behandlungsinteresse und alle von Ihnen angegebenen Notizen.<\/strong><br \/>Wir fordern <strong>keine detaillierten medizinischen Berichte \u00fcber Werbeformulare an.<\/strong> Falls erforderlich, wird solche Information sp\u00e4ter durch <strong>sichere und direkte Kommunikation mit Ihrer Zustimmung<\/strong> erhoben.<\/p>\r\n<!-- \/wp:paragraph -->\r\n<p><!-- wp:paragraph --><strong>3. Datenverarbeitung und -weitergabe<\/strong><\/p>\r\n<!-- \/wp:paragraph -->\r\n<p><!-- wp:paragraph -->Ihre Daten k\u00f6nnen sicher <strong>nur wenn notwendig<\/strong> mit <strong>lizenzierten Krankenh\u00e4usern, \u00c4rzten oder akkreditierten Reiseanbietern<\/strong> ausschlie\u00dflich f\u00fcr Ihren Gesundheitstourismusprozess geteilt werden.<br \/><strong>Wir verkaufen, vermieten oder \u00fcbertragen Ihre Daten nicht an unbefugte Dritte.<\/strong><\/p>\r\n<!-- \/wp:paragraph -->\r\n<p><!-- wp:paragraph --><strong>4. Datensicherheit und -aufbewahrung<\/strong><\/p>\r\n<!-- \/wp:paragraph -->\r\n<p><!-- wp:paragraph -->Alle personenbezogenen Daten werden sicher gespeichert und <strong>nur f\u00fcr servicebezogene Zwecke<\/strong> verwendet. Die Daten werden nur so lange aufbewahrt, wie es f\u00fcr die Bereitstellung von Beratung und Unterst\u00fctzung erforderlich ist.<\/p>\r\n<!-- \/wp:paragraph -->\r\n<p><!-- wp:paragraph --><strong>5. Rechte der Nutzer<\/strong><\/p>\r\n<!-- \/wp:paragraph -->\r\n<p><!-- wp:paragraph -->Sie k\u00f6nnen jederzeit Health Go Sa\u011fl\u0131k Turizm kontaktieren, um <strong>Informationen zu Ihren gespeicherten Daten<\/strong> gem\u00e4\u00df den Prinzipien des KVKK und der DSGVO anzufordern.<\/p>\r\n<!-- \/wp:paragraph -->\r\n<p><!-- wp:paragraph --><strong>6. Kontaktinformationen<\/strong><\/p>\r\n<!-- \/wp:paragraph -->\r\n<p><!-- wp:paragraph --><strong>Health Go Sa\u011fl\u0131k Turizm<\/strong><br \/>Adresse: <strong>Gap Mah.Golden Plaza No: 52\/14 \u2013 Batman \/ Merkez<\/strong><br \/>Telefon: <strong>+90 506 593 79 94<\/strong><br \/>E-Mail: <strong>info@healthgotravel.com<\/strong><br \/>KEP-Adresse: <strong>healthgotravelturizm@hs01.kep.tr<\/strong><\/p>\r\n<!-- \/wp:paragraph -->\r\n<p>&nbsp;<\/p>\r\n[\/vc_column_text][\/vc_column][\/vc_row]","protected":false},"excerpt":{"rendered":"<p>[vc_row type=&#8220;in_container&#8220; full_screen_row_position=&#8220;middle&#8220; column_margin=&#8220;default&#8220; column_direction=&#8220;default&#8220; column_direction_tablet=&#8220;default&#8220; column_direction_phone=&#8220;default&#8220; scene_position=&#8220;center&#8220; text_color=&#8220;dark&#8220; text_align=&#8220;left&#8220; row_border_radius=&#8220;none&#8220; row_border_radius_applies=&#8220;bg&#8220; overflow=&#8220;visible&#8220; overlay_strength=&#8220;0.3&#8243; gradient_direction=&#8220;left_to_right&#8220; shape_divider_position=&#8220;bottom&#8220; bg_image_animation=&#8220;none&#8220;][vc_column column_padding=&#8220;no-extra-padding&#8220; column_padding_tablet=&#8220;inherit&#8220; column_padding_phone=&#8220;inherit&#8220; column_padding_position=&#8220;all&#8220; column_element_direction_desktop=&#8220;default&#8220; column_element_spacing=&#8220;default&#8220; desktop_text_alignment=&#8220;default&#8220; tablet_text_alignment=&#8220;default&#8220; phone_text_alignment=&#8220;default&#8220; background_color_opacity=&#8220;1&#8243; background_hover_color_opacity=&#8220;1&#8243; column_backdrop_filter=&#8220;none&#8220; column_shadow=&#8220;none&#8220;&#8230;<\/p>\n","protected":false},"author":1,"featured_media":0,"parent":0,"menu_order":0,"comment_status":"closed","ping_status":"open","template":"","meta":{"_joinchat":[],"footnotes":""},"class_list":["post-627","page","type-page","status-publish"],"_links":{"self":[{"href":"https:\/\/healthgotravel.com\/de\/wp-json\/wp\/v2\/pages\/627","targetHints":{"allow":["GET"]}}],"collection":[{"href":"https:\/\/healthgotravel.com\/de\/wp-json\/wp\/v2\/pages"}],"about":[{"href":"https:\/\/healthgotravel.com\/de\/wp-json\/wp\/v2\/types\/page"}],"author":[{"embeddable":true,"href":"https:\/\/healthgotravel.com\/de\/wp-json\/wp\/v2\/users\/1"}],"replies":[{"embeddable":true,"href":"https:\/\/healthgotravel.com\/de\/wp-json\/wp\/v2\/comments?post=627"}],"version-history":[{"count":2,"href":"https:\/\/healthgotravel.com\/de\/wp-json\/wp\/v2\/pages\/627\/revisions"}],"predecessor-version":[{"id":629,"href":"https:\/\/healthgotravel.com\/de\/wp-json\/wp\/v2\/pages\/627\/revisions\/629"}],"wp:attachment":[{"href":"https:\/\/healthgotravel.com\/de\/wp-json\/wp\/v2\/media?parent=627"}],"curies":[{"name":"wp","href":"https:\/\/api.w.org\/{rel}","templated":true}]}}