{"id":1317,"date":"2025-10-01T13:47:03","date_gmt":"2025-10-01T13:47:03","guid":{"rendered":"https:\/\/healthgotravel.com\/privacy-policy\/"},"modified":"2025-10-28T13:26:28","modified_gmt":"2025-10-28T13:26:28","slug":"privacy-policy","status":"publish","type":"page","link":"https:\/\/healthgotravel.com\/ar\/privacy-policy\/","title":{"rendered":"\u0633\u064a\u0627\u0633\u0629 \u0627\u0644\u062e\u0635\u0648\u0635\u064a\u0629"},"content":{"rendered":"[vc_row type=&#8221;in_container&#8221; full_screen_row_position=&#8221;middle&#8221; column_margin=&#8221;default&#8221; column_direction=&#8221;default&#8221; column_direction_tablet=&#8221;default&#8221; column_direction_phone=&#8221;default&#8221; scene_position=&#8221;center&#8221; text_color=&#8221;dark&#8221; text_align=&#8221;left&#8221; row_border_radius=&#8221;none&#8221; row_border_radius_applies=&#8221;bg&#8221; overflow=&#8221;visible&#8221; overlay_strength=&#8221;0.3&#8243; gradient_direction=&#8221;left_to_right&#8221; shape_divider_position=&#8221;bottom&#8221; bg_image_animation=&#8221;none&#8221;][vc_column column_padding=&#8221;no-extra-padding&#8221; column_padding_tablet=&#8221;inherit&#8221; column_padding_phone=&#8221;inherit&#8221; column_padding_position=&#8221;all&#8221; column_element_direction_desktop=&#8221;default&#8221; column_element_spacing=&#8221;default&#8221; desktop_text_alignment=&#8221;default&#8221; tablet_text_alignment=&#8221;default&#8221; phone_text_alignment=&#8221;default&#8221; background_color_opacity=&#8221;1&#8243; background_hover_color_opacity=&#8221;1&#8243; column_backdrop_filter=&#8221;none&#8221; column_shadow=&#8221;none&#8221; column_border_radius=&#8221;none&#8221; column_link_target=&#8221;_self&#8221; column_position=&#8221;default&#8221; gradient_direction=&#8221;left_to_right&#8221; overlay_strength=&#8221;0.3&#8243; width=&#8221;1\/1&#8243; tablet_width_inherit=&#8221;default&#8221; animation_type=&#8221;default&#8221; bg_image_animation=&#8221;none&#8221; border_type=&#8221;simple&#8221; column_border_width=&#8221;none&#8221; column_border_style=&#8221;solid&#8221;][vc_column_text css=&#8221;&#8221; text_direction=&#8221;default&#8221;]&#8220;`html<br \/><\/p>\r\n<h2 class=\"wp-block-heading\"><strong>\u0633\u064a\u0627\u0633\u0629 \u0627\u0644\u062e\u0635\u0648\u0635\u064a\u0629 \u0648\u062d\u0645\u0627\u064a\u0629 \u0627\u0644\u0628\u064a\u0627\u0646\u0627\u062a<\/strong><\/h2>\r\n\r\n<p><strong>Health Go Sa\u011fl\u0131k Turizm<\/strong><\/p>\r\n\r\n<p>\u062a\u0644\u062a\u0632\u0645 \u0634\u0631\u0643\u0629 <strong>Health Go Sa\u011fl\u0131k Turizm<\/strong>\u060c <strong>\u0627\u0644\u0645\u0631\u062e\u0635\u0629 \u0645\u0646 \u0642\u0628\u0644 \u0648\u0632\u0627\u0631\u0629 \u0627\u0644\u0635\u062d\u0629 \u0627\u0644\u062a\u0631\u0643\u064a\u0629 (T.C. Sa\u011fl\u0131k Bakanl\u0131\u011f\u0131)<\/strong>\u060c \u0628\u062d\u0645\u0627\u064a\u0629 \u0628\u064a\u0627\u0646\u0627\u062a\u0643 \u0627\u0644\u0634\u062e\u0635\u064a\u0629 \u0648\u0641\u0642\u064b\u0627 \u0644\u0642\u0627\u0646\u0648\u0646 \u062d\u0645\u0627\u064a\u0629 \u0627\u0644\u0628\u064a\u0627\u0646\u0627\u062a \u0627\u0644\u0634\u062e\u0635\u064a\u0629 \u0627\u0644\u062a\u0631\u0643\u064a <strong>(KVKK \u0631\u0642\u0645 6698)<\/strong> \u0648\u0627\u0644\u0645\u0639\u0627\u064a\u064a\u0631 \u0627\u0644\u062f\u0648\u0644\u064a\u0629 \u0644\u062d\u0645\u0627\u064a\u0629 \u0627\u0644\u0628\u064a\u0627\u0646\u0627\u062a <strong>(GDPR \u0639\u0646\u062f \u0627\u0644\u0627\u0642\u062a\u0636\u0627\u0621)<\/strong>.<\/p>\r\n\r\n<p><strong>1. \u0647\u062f\u0641 \u062c\u0645\u0639 \u0627\u0644\u0628\u064a\u0627\u0646\u0627\u062a<\/strong><\/p>\r\n\r\n<p>\u0645\u0646 \u062e\u0644\u0627\u0644 \u062a\u0642\u062f\u064a\u0645 \u0645\u0639\u0644\u0648\u0645\u0627\u062a\u0643 \u0639\u0628\u0631 <strong>\u0646\u0645\u0627\u0630\u062c \u0627\u0644\u0625\u0639\u0644\u0627\u0646\u0627\u062a\u060c \u0635\u0641\u062d\u0627\u062a \u0627\u0644\u0647\u0628\u0648\u0637\u060c \u062f\u0631\u062f\u0634\u0629 \u0648\u0627\u062a\u0633\u0627\u0628\u060c \u0623\u0648 \u0642\u0646\u0648\u0627\u062a \u0627\u0644\u0627\u062a\u0635\u0627\u0644 \u0627\u0644\u0631\u0642\u0645\u064a\u0629 (Meta\u060c Google\u060c TikTok\u060c \u0625\u0644\u062e)<\/strong>\u060c \u0641\u0625\u0646\u0643 \u062a\u0648\u0627\u0641\u0642 \u0639\u0644\u0649 \u0623\u0646 \u062a\u0642\u0648\u0645 \u0634\u0631\u0643\u0629 Health Go Sa\u011fl\u0131k Turizm \u0628\u062c\u0645\u0639 \u0648\u0645\u0639\u0627\u0644\u062c\u0629 \u0628\u064a\u0627\u0646\u0627\u062a\u0643 \u0645\u0646 \u0623\u062c\u0644:<\/p>\r\n\r\n<p>&nbsp;<\/p>\r\n\r\n<ul class=\"wp-block-list\">\r\n<li style=\"list-style-type: none;\">\r\n<ul class=\"wp-block-list\">\r\n<li style=\"list-style-type: none;\">\r\n<ul class=\"wp-block-list\">\r\n<li>\u0627\u0644\u062a\u0648\u0627\u0635\u0644 \u0645\u0639\u0643 \u0628\u062e\u0635\u0648\u0635 \u062e\u064a\u0627\u0631\u0627\u062a \u0627\u0644\u0639\u0644\u0627\u062c\u060c \u0627\u0644\u0623\u0633\u0639\u0627\u0631\u060c \u0648\u062e\u0637\u0637 \u0627\u0644\u0627\u0633\u062a\u0634\u0627\u0631\u0629<\/li>\r\n\r\n\r\n\r\n<li>\u062a\u0642\u062f\u064a\u0645 \u0625\u0631\u0634\u0627\u062f\u0627\u062a \u062d\u0648\u0644 \u0627\u0644\u0633\u064a\u0627\u062d\u0629 \u0627\u0644\u0639\u0644\u0627\u062c\u064a\u0629 \u0648\u0627\u0644\u0645\u0633\u0627\u0639\u062f\u0629 \u0641\u064a \u0627\u0644\u0633\u0641\u0631<\/li>\r\n\r\n\r\n\r\n<li>\u0627\u0644\u062a\u0646\u0633\u064a\u0642 \u0645\u0639 \u0627\u0644\u0645\u0633\u062a\u0634\u0641\u064a\u0627\u062a \u0623\u0648 \u0627\u0644\u0639\u064a\u0627\u062f\u0627\u062a \u0627\u0644\u0634\u0631\u064a\u0643\u0629 \u0623\u0648 \u0627\u0644\u0623\u0637\u0628\u0627\u0621 \u0627\u0644\u0645\u0639\u062a\u0645\u062f\u064a\u0646 \u0644\u062a\u0642\u064a\u064a\u0645 \u0627\u0644\u062d\u0627\u0644\u0629 \u0627\u0644\u0637\u0628\u064a\u0629<\/li>\r\n\r\n\r\n\r\n<li>\u0645\u062a\u0627\u0628\u0639\u0629 \u0627\u0633\u062a\u0641\u0633\u0627\u0631\u0643 \u0639\u0628\u0631 \u0648\u0627\u062a\u0633\u0627\u0628 \u0623\u0648 \u0627\u0644\u0647\u0627\u062a\u0641 \u0623\u0648 \u0627\u0644\u0628\u0631\u064a\u062f \u0627\u0644\u0625\u0644\u0643\u062a\u0631\u0648\u0646\u064a \u0623\u0648 \u0627\u0644\u0631\u0633\u0627\u0626\u0644 \u0627\u0644\u0646\u0635\u064a\u0629 \u0627\u0644\u0642\u0635\u064a\u0631\u0629 (SMS)<\/li>\r\n<\/ul>\r\n<\/li>\r\n<\/ul>\r\n<p><\/p>\r\n<\/li>\r\n<\/ul>\r\n\r\n<p>&nbsp;<\/p>\r\n<!-- \/wp:post-content -->\r\n<p><!-- wp:paragraph --><strong>2. \u0627\u0644\u0628\u064a\u0627\u0646\u0627\u062a \u0627\u0644\u062a\u064a \u0646\u0642\u0648\u0645 \u0628\u062c\u0645\u0639\u0647\u0627<\/strong><\/p>\r\n<!-- \/wp:paragraph -->\r\n<p><!-- wp:paragraph -->\u0642\u062f \u0646\u0642\u0648\u0645 \u0628\u062c\u0645\u0639 \u0627\u0644\u0645\u0639\u0644\u0648\u0645\u0627\u062a \u0627\u0644\u062a\u0627\u0644\u064a\u0629:<br \/><strong>\u0627\u0644\u0627\u0633\u0645\u060c \u0628\u0644\u062f \u0627\u0644\u0625\u0642\u0627\u0645\u0629\u060c \u0631\u0642\u0645 \u0627\u0644\u0647\u0627\u062a\u0641\u060c \u0627\u0644\u0628\u0631\u064a\u062f \u0627\u0644\u0625\u0644\u0643\u062a\u0631\u0648\u0646\u064a\u060c \u0646\u0648\u0639 \u0627\u0644\u0639\u0644\u0627\u062c \u0627\u0644\u0645\u0637\u0644\u0648\u0628\u060c \u0648\u0623\u064a \u0645\u0644\u0627\u062d\u0638\u0627\u062a \u062a\u0642\u062f\u0645\u0647\u0627.<\/strong><br \/>\u0646\u062d\u0646 <strong>\u0644\u0627<\/strong> \u0646\u0637\u0644\u0628 \u062a\u0642\u0627\u0631\u064a\u0631 \u0637\u0628\u064a\u0629 \u062a\u0641\u0635\u064a\u0644\u064a\u0629 \u0645\u0646 \u062e\u0644\u0627\u0644 \u0646\u0645\u0627\u0630\u062c \u0627\u0644\u0625\u0639\u0644\u0627\u0646\u0627\u062a. \u0625\u0630\u0627 \u0644\u0632\u0645 \u0627\u0644\u0623\u0645\u0631\u060c \u064a\u062a\u0645 \u062c\u0645\u0639 \u0645\u062b\u0644 \u0647\u0630\u0647 \u0627\u0644\u0645\u0639\u0644\u0648\u0645\u0627\u062a \u0644\u0627\u062d\u0642\u064b\u0627 \u0645\u0646 \u062e\u0644\u0627\u0644 <strong>\u0627\u062a\u0635\u0627\u0644 \u0645\u0628\u0627\u0634\u0631 \u0648\u0622\u0645\u0646 \u0648\u0628\u0645\u0648\u0627\u0641\u0642\u062a\u0643.<\/strong><\/p>\r\n<!-- \/wp:paragraph -->\r\n<p><!-- wp:paragraph --><strong>3. \u0645\u0639\u0627\u0644\u062c\u0629 \u0627\u0644\u0628\u064a\u0627\u0646\u0627\u062a \u0648\u0645\u0634\u0627\u0631\u0643\u062a\u0647\u0627<\/strong><\/p>\r\n<!-- \/wp:paragraph -->\r\n<p><!-- wp:paragraph -->\u0642\u062f \u062a\u062a\u0645 \u0645\u0634\u0627\u0631\u0643\u0629 \u0628\u064a\u0627\u0646\u0627\u062a\u0643 <strong>\u0628\u0634\u0643\u0644 \u0622\u0645\u0646 \u0648\u0641\u0642\u0637 \u0639\u0646\u062f \u0627\u0644\u0636\u0631\u0648\u0631\u0629<\/strong> \u0645\u0639 <strong>\u0627\u0644\u0645\u0633\u062a\u0634\u0641\u064a\u0627\u062a \u0623\u0648 \u0627\u0644\u0623\u0637\u0628\u0627\u0621 \u0627\u0644\u0645\u0631\u062e\u0635\u064a\u0646 \u0623\u0648 \u0634\u0631\u0643\u0627\u0621 \u0627\u0644\u0633\u0641\u0631 \u0627\u0644\u0645\u0639\u062a\u0645\u062f\u064a\u0646<\/strong>\u060c \u0648\u0630\u0644\u0643 \u062d\u0635\u0631\u064a\u064b\u0627 \u0644\u063a\u0631\u0636 \u062a\u0646\u0638\u064a\u0645 \u0631\u062d\u0644\u062a\u0643 \u0627\u0644\u0639\u0644\u0627\u062c\u064a\u0629.<br \/><strong>\u0646\u062d\u0646 \u0644\u0627 \u0646\u0628\u064a\u0639 \u0623\u0648 \u0646\u0624\u062c\u0631 \u0623\u0648 \u0646\u0646\u0642\u0644 \u0628\u064a\u0627\u0646\u0627\u062a\u0643 \u0625\u0644\u0649 \u0623\u064a \u0637\u0631\u0641 \u062b\u0627\u0644\u062b \u063a\u064a\u0631 \u0645\u0635\u0631\u062d \u0644\u0647.<\/strong><\/p>\r\n<!-- \/wp:paragraph -->\r\n<p><!-- wp:paragraph --><strong>4. \u0623\u0645\u0627\u0646 \u0627\u0644\u0628\u064a\u0627\u0646\u0627\u062a \u0648\u0627\u0644\u0627\u062d\u062a\u0641\u0627\u0638 \u0628\u0647\u0627<\/strong><\/p>\r\n<!-- \/wp:paragraph -->\r\n<p><!-- wp:paragraph -->\u064a\u062a\u0645 \u062a\u062e\u0632\u064a\u0646 \u062c\u0645\u064a\u0639 \u0627\u0644\u0628\u064a\u0627\u0646\u0627\u062a \u0627\u0644\u0634\u062e\u0635\u064a\u0629 \u0628\u0634\u0643\u0644 \u0622\u0645\u0646 \u0648\u0627\u0633\u062a\u062e\u062f\u0627\u0645\u0647\u0627 <strong>\u0641\u0642\u0637 \u0644\u0644\u0623\u063a\u0631\u0627\u0636 \u0627\u0644\u0645\u062a\u0639\u0644\u0642\u0629 \u0628\u0627\u0644\u062e\u062f\u0645\u0627\u062a.<\/strong> \u0648\u064a\u062a\u0645 \u0627\u0644\u0627\u062d\u062a\u0641\u0627\u0638 \u0628\u0627\u0644\u0628\u064a\u0627\u0646\u0627\u062a \u0641\u0642\u0637 \u0644\u0644\u0645\u062f\u0629 \u0627\u0644\u0644\u0627\u0632\u0645\u0629 \u0644\u062a\u0642\u062f\u064a\u0645 \u0627\u0644\u0627\u0633\u062a\u0634\u0627\u0631\u0627\u062a \u0648\u0627\u0644\u062f\u0639\u0645.<\/p>\r\n<!-- \/wp:paragraph -->\r\n<p><!-- wp:paragraph --><strong>5. \u062d\u0642\u0648\u0642 \u0627\u0644\u0645\u0633\u062a\u062e\u062f\u0645<\/strong><\/p>\r\n<!-- \/wp:paragraph -->\r\n<p><!-- wp:paragraph -->\u064a\u0645\u0643\u0646\u0643 \u0627\u0644\u062a\u0648\u0627\u0635\u0644 \u0645\u0639 \u0634\u0631\u0643\u0629 Health Go Sa\u011fl\u0131k Turizm \u0641\u064a \u0623\u064a \u0648\u0642\u062a \u0644\u0637\u0644\u0628 <strong>\u0645\u0639\u0644\u0648\u0645\u0627\u062a \u062d\u0648\u0644 \u0628\u064a\u0627\u0646\u0627\u062a\u0643 \u0627\u0644\u0645\u062e\u0632\u0646\u0629<\/strong> \u0648\u0641\u0642\u064b\u0627 \u0644\u0645\u0628\u0627\u062f\u0626 \u0642\u0627\u0646\u0648\u0646 KVKK \u0648GDPR.<\/p>\r\n<!-- \/wp:paragraph -->\r\n<p><!-- wp:paragraph --><strong>6. \u0645\u0639\u0644\u0648\u0645\u0627\u062a \u0627\u0644\u0627\u062a\u0635\u0627\u0644<\/strong><\/p>\r\n<!-- \/wp:paragraph -->\r\n<p><!-- wp:paragraph --><strong>Health Go Sa\u011fl\u0131k Turizm<\/strong><br \/>\u0627\u0644\u0639\u0646\u0648\u0627\u0646: <strong>Gap Mah. Golden Plaza \u0631\u0642\u0645: 52\/14 \u2013 Batman \/ Merkez<\/strong><br \/>\u0627\u0644\u0647\u0627\u062a\u0641: <strong>+90 506 593 79 94<\/strong><br \/>\u0627\u0644\u0628\u0631\u064a\u062f \u0627\u0644\u0625\u0644\u0643\u062a\u0631\u0648\u0646\u064a: <strong>info@healthgotravel.com<\/strong><br \/>\u0639\u0646\u0648\u0627\u0646 KEP: <strong>healthgotravelturizm@hs01.kep.tr<\/strong><\/p>\r\n<!-- \/wp:paragraph -->\r\n<p>&nbsp;<\/p>\r\n<p>&#8220;`<br \/>[\/vc_column_text][\/vc_column][\/vc_row]","protected":false},"excerpt":{"rendered":"<p>[vc_row type=&#8221;in_container&#8221; full_screen_row_position=&#8221;middle&#8221; column_margin=&#8221;default&#8221; column_direction=&#8221;default&#8221; column_direction_tablet=&#8221;default&#8221; column_direction_phone=&#8221;default&#8221; scene_position=&#8221;center&#8221; text_color=&#8221;dark&#8221; text_align=&#8221;left&#8221; row_border_radius=&#8221;none&#8221; row_border_radius_applies=&#8221;bg&#8221; overflow=&#8221;visible&#8221; overlay_strength=&#8221;0.3&#8243; gradient_direction=&#8221;left_to_right&#8221; shape_divider_position=&#8221;bottom&#8221; bg_image_animation=&#8221;none&#8221;][vc_column column_padding=&#8221;no-extra-padding&#8221; column_padding_tablet=&#8221;inherit&#8221; column_padding_phone=&#8221;inherit&#8221; column_padding_position=&#8221;all&#8221; column_element_direction_desktop=&#8221;default&#8221; column_element_spacing=&#8221;default&#8221; desktop_text_alignment=&#8221;default&#8221; tablet_text_alignment=&#8221;default&#8221; phone_text_alignment=&#8221;default&#8221; background_color_opacity=&#8221;1&#8243; background_hover_color_opacity=&#8221;1&#8243; column_backdrop_filter=&#8221;none&#8221; column_shadow=&#8221;none&#8221;&#8230;<\/p>\n","protected":false},"author":1,"featured_media":0,"parent":0,"menu_order":0,"comment_status":"closed","ping_status":"open","template":"","meta":{"_joinchat":[],"footnotes":""},"class_list":["post-1317","page","type-page","status-publish"],"_links":{"self":[{"href":"https:\/\/healthgotravel.com\/ar\/wp-json\/wp\/v2\/pages\/1317","targetHints":{"allow":["GET"]}}],"collection":[{"href":"https:\/\/healthgotravel.com\/ar\/wp-json\/wp\/v2\/pages"}],"about":[{"href":"https:\/\/healthgotravel.com\/ar\/wp-json\/wp\/v2\/types\/page"}],"author":[{"embeddable":true,"href":"https:\/\/healthgotravel.com\/ar\/wp-json\/wp\/v2\/users\/1"}],"replies":[{"embeddable":true,"href":"https:\/\/healthgotravel.com\/ar\/wp-json\/wp\/v2\/comments?post=1317"}],"version-history":[{"count":2,"href":"https:\/\/healthgotravel.com\/ar\/wp-json\/wp\/v2\/pages\/1317\/revisions"}],"predecessor-version":[{"id":1324,"href":"https:\/\/healthgotravel.com\/ar\/wp-json\/wp\/v2\/pages\/1317\/revisions\/1324"}],"wp:attachment":[{"href":"https:\/\/healthgotravel.com\/ar\/wp-json\/wp\/v2\/media?parent=1317"}],"curies":[{"name":"wp","href":"https:\/\/api.w.org\/{rel}","templated":true}]}}